{"id":4249,"date":"2021-05-21T23:10:22","date_gmt":"2021-05-21T23:10:22","guid":{"rendered":"https:\/\/erospa.ca\/a-propos-erospa\/comment-utiliser-les-produits-erospa\/"},"modified":"2021-05-21T23:10:23","modified_gmt":"2021-05-21T23:10:23","slug":"comment-utiliser-les-produits-erospa","status":"publish","type":"page","link":"https:\/\/erospa.ca\/fr\/a-propos-erospa\/comment-utiliser-les-produits-erospa\/","title":{"rendered":"Comment utiliser les produits Erospa"},"content":{"rendered":"<div class=\"wpb-content-wrapper\"><p>[vc_row][vc_column][vc_single_image image=&#8221;2026&#8243; img_size=&#8221;full&#8221;][\/vc_column][\/vc_row][vc_row][vc_column][vc_column_text]<\/p>\n<h2>How to use Erospa ProductsComment utiliser les produits Erospa<\/h2>\n<p>[\/vc_column_text][\/vc_column][\/vc_row][vc_row][vc_column][vc_column_text]<\/p>\n<h3 class=\"woocommerce-loop-product__title\">Cristaux parfum\u00e9s pour spa et bain \u00e0 remous<\/h3>\n<p>Spa \/ Bain \u00e0 remous: Cristaux \u2013 ajouter 1 \u00e0 2 mesures pour environ tous les 500 gallons d\u2019eau<br \/>\nBain \/ Petit bain \u00e0 remous: Cristaux &#8211; ajouter 1\/2 \u00e0 1 mesure<br \/>\nBain de pieds: Cristaux \u2013 ajouter 1\/2 \u00e0 1 cuill\u00e8re \u00e0 soupe[\/vc_column_text][\/vc_column][\/vc_row][vc_row][vc_column][vc_column_text]<\/p>\n<h3 class=\"woocommerce-loop-product__title\">Liquides parfum\u00e9s pour spa et bain \u00e0 remous<\/h3>\n<p>Spa \/ Bain \u00e0 remous: Liquide \u2013 verser 3 \u00e0 4 mesures pour environ tous les 500 gallons d\u2019eau<br \/>\nBain \/ Petit bain \u00e0 remous: Liquide \u2013 verser 1 \u00e0 2 mesures<br \/>\nBain de pieds: ajouter 1 \u00e0 2 cuill\u00e8re \u00e0 soupes[\/vc_column_text][\/vc_column][\/vc_row][vc_row][vc_column][vc_column_text]<\/p>\n<h3>bougie de massage 3-en-1<\/h3>\n<ul>\n<li><strong>Pour utiliser comme bougie de massage<\/strong><br \/>\nCouper la m\u00e8che \u00e0 une hauteur de 5 mm (1\/4 po.) avant chaque utilisation Pour de meilleurs r\u00e9sultats, br\u00fbler la bougie pendant 30 minutes \u00c9teindre la flamme, verser d\u00e9licatement l\u2019huile dans la paume de votre main masser la peau.<\/li>\n<li><strong>Pour utiliser comme hydratant<\/strong><br \/>\nPr\u00e9lever une petite quantit\u00e9 avec une spatule ou directement avec les doigts, puis appliquer sur les zones s\u00e8ches de la peau.<\/li>\n<\/ul>\n<p>[\/vc_column_text][\/vc_column][\/vc_row][vc_row][vc_column][vc_column_text]<\/p>\n<h3>Vaporisateur brume d&#8217;ambiance<\/h3>\n<p>Hold the bottle upright and spray into the air as often as desired.[\/vc_column_text][\/vc_column][\/vc_row][vc_row][vc_column][vc_column_text]<\/p>\n<h3>Bruine parfum\u00e9e pour de corps<\/h3>\n<p>Vaporisez sur tout votre corps juste apr\u00e8s la douche ou le spa, ou pour vous rafra\u00eechir \u00e0 tout moment de la journ\u00e9e&#8230; et la nuit.[\/vc_column_text][\/vc_column][\/vc_row][vc_row][vc_column][vc_column_text]<\/p>\n<h3>Huile s\u00e8che corps &amp; massage<\/h3>\n<ul>\n<li><strong>Comme huile de massage sensuelle<\/strong><br \/>\nvaporiser 4 \u00e0 5 fois dans la paume des mains, les frotter ensemble pour r\u00e9chauffer l\u2019huile, puis masser sur la peau.<\/li>\n<li><strong>Comme huile corporelle s\u00e8che hydratante<\/strong><br \/>\nvaporiser 1 ou 2 fois sur tout le corps et \u00e9taler uniform\u00e9ment avec les mains.<\/li>\n<\/ul>\n<p>[\/vc_column_text][\/vc_column][\/vc_row]<\/p>\n<\/div>","protected":false},"excerpt":{"rendered":"<p>[vc_row][vc_column][vc_single_image image=&#8221;2026&#8243; img_size=&#8221;full&#8221;][\/vc_column][\/vc_row][vc_row][vc_column][vc_column_text] How to use Erospa ProductsComment utiliser les produits Erospa [\/vc_column_text][\/vc_column][\/vc_row][vc_row][vc_column][vc_column_text] Cristaux parfum\u00e9s pour spa et bain \u00e0 remous Spa \/ Bain \u00e0 remous: Cristaux \u2013 ajouter 1 \u00e0 2 mesures pour environ tous les 500 gallons d\u2019eau Bain \/ Petit bain \u00e0 remous: Cristaux &#8211; ajouter 1\/2 \u00e0 1 mesure Bain de [&hellip;]<\/p>\n","protected":false},"author":1,"featured_media":0,"parent":2558,"menu_order":0,"comment_status":"closed","ping_status":"closed","template":"","meta":{"footnotes":""},"class_list":["post-4249","page","type-page","status-publish","hentry"],"yoast_head":"<!-- This site is optimized with the Yoast SEO plugin v27.5 - https:\/\/yoast.com\/product\/yoast-seo-wordpress\/ -->\n<title>Comment utiliser les produits Erospa - Erospa<\/title>\n<meta name=\"robots\" content=\"index, follow, max-snippet:-1, max-image-preview:large, max-video-preview:-1\" \/>\n<link rel=\"canonical\" href=\"https:\/\/erospa.ca\/fr\/a-propos-erospa\/comment-utiliser-les-produits-erospa\/\" \/>\n<meta property=\"og:locale\" content=\"fr_CA\" \/>\n<meta property=\"og:type\" content=\"article\" \/>\n<meta property=\"og:title\" content=\"Comment utiliser les produits Erospa - Erospa\" \/>\n<meta property=\"og:description\" content=\"[vc_row][vc_column][vc_single_image image=&#8221;2026&#8243; img_size=&#8221;full&#8221;][\/vc_column][\/vc_row][vc_row][vc_column][vc_column_text] How to use Erospa ProductsComment utiliser les produits Erospa [\/vc_column_text][\/vc_column][\/vc_row][vc_row][vc_column][vc_column_text] Cristaux parfum\u00e9s pour spa et bain \u00e0 remous Spa \/ Bain \u00e0 remous: Cristaux \u2013 ajouter 1 \u00e0 2 mesures pour environ tous les 500 gallons d\u2019eau Bain \/ Petit bain \u00e0 remous: Cristaux &#8211; ajouter 1\/2 \u00e0 1 mesure Bain de [&hellip;]\" \/>\n<meta property=\"og:url\" content=\"https:\/\/erospa.ca\/fr\/a-propos-erospa\/comment-utiliser-les-produits-erospa\/\" \/>\n<meta property=\"og:site_name\" content=\"Erospa\" \/>\n<meta property=\"article:publisher\" content=\"https:\/\/www.facebook.com\/Erospa.International\/\" \/>\n<meta property=\"article:modified_time\" content=\"2021-05-21T23:10:23+00:00\" \/>\n<meta name=\"twitter:label1\" content=\"Estimation du temps de lecture\" \/>\n\t<meta name=\"twitter:data1\" content=\"2 minutes\" \/>\n<!-- \/ Yoast SEO plugin. -->","yoast_head_json":{"title":"Comment utiliser les produits Erospa - Erospa","robots":{"index":"index","follow":"follow","max-snippet":"max-snippet:-1","max-image-preview":"max-image-preview:large","max-video-preview":"max-video-preview:-1"},"canonical":"https:\/\/erospa.ca\/fr\/a-propos-erospa\/comment-utiliser-les-produits-erospa\/","og_locale":"fr_CA","og_type":"article","og_title":"Comment utiliser les produits Erospa - Erospa","og_description":"[vc_row][vc_column][vc_single_image image=&#8221;2026&#8243; img_size=&#8221;full&#8221;][\/vc_column][\/vc_row][vc_row][vc_column][vc_column_text] How to use Erospa ProductsComment utiliser les produits Erospa [\/vc_column_text][\/vc_column][\/vc_row][vc_row][vc_column][vc_column_text] Cristaux parfum\u00e9s pour spa et bain \u00e0 remous Spa \/ Bain \u00e0 remous: Cristaux \u2013 ajouter 1 \u00e0 2 mesures pour environ tous les 500 gallons d\u2019eau Bain \/ Petit bain \u00e0 remous: Cristaux &#8211; ajouter 1\/2 \u00e0 1 mesure Bain de [&hellip;]","og_url":"https:\/\/erospa.ca\/fr\/a-propos-erospa\/comment-utiliser-les-produits-erospa\/","og_site_name":"Erospa","article_publisher":"https:\/\/www.facebook.com\/Erospa.International\/","article_modified_time":"2021-05-21T23:10:23+00:00","twitter_misc":{"Estimation du temps de lecture":"2 minutes"},"schema":{"@context":"https:\/\/schema.org","@graph":[{"@type":"WebPage","@id":"https:\/\/erospa.ca\/fr\/a-propos-erospa\/comment-utiliser-les-produits-erospa\/","url":"https:\/\/erospa.ca\/fr\/a-propos-erospa\/comment-utiliser-les-produits-erospa\/","name":"Comment utiliser les produits Erospa - Erospa","isPartOf":{"@id":"https:\/\/erospa.ca\/fr\/#website"},"datePublished":"2021-05-21T23:10:22+00:00","dateModified":"2021-05-21T23:10:23+00:00","breadcrumb":{"@id":"https:\/\/erospa.ca\/fr\/a-propos-erospa\/comment-utiliser-les-produits-erospa\/#breadcrumb"},"inLanguage":"fr-CA","potentialAction":[{"@type":"ReadAction","target":["https:\/\/erospa.ca\/fr\/a-propos-erospa\/comment-utiliser-les-produits-erospa\/"]}]},{"@type":"BreadcrumbList","@id":"https:\/\/erospa.ca\/fr\/a-propos-erospa\/comment-utiliser-les-produits-erospa\/#breadcrumb","itemListElement":[{"@type":"ListItem","position":1,"name":"Home","item":"https:\/\/erospa.ca\/fr\/"},{"@type":"ListItem","position":2,"name":"\u00c0 propos Erospa","item":"https:\/\/erospa.ca\/fr\/a-propos-erospa\/"},{"@type":"ListItem","position":3,"name":"Comment utiliser les produits Erospa"}]},{"@type":"WebSite","@id":"https:\/\/erospa.ca\/fr\/#website","url":"https:\/\/erospa.ca\/fr\/","name":"Erospa","description":"From hot tub to the bedroom","publisher":{"@id":"https:\/\/erospa.ca\/fr\/#organization"},"potentialAction":[{"@type":"SearchAction","target":{"@type":"EntryPoint","urlTemplate":"https:\/\/erospa.ca\/fr\/?s={search_term_string}"},"query-input":{"@type":"PropertyValueSpecification","valueRequired":true,"valueName":"search_term_string"}}],"inLanguage":"fr-CA"},{"@type":"Organization","@id":"https:\/\/erospa.ca\/fr\/#organization","name":"Erospa","url":"https:\/\/erospa.ca\/fr\/","logo":{"@type":"ImageObject","inLanguage":"fr-CA","@id":"https:\/\/erospa.ca\/fr\/#\/schema\/logo\/image\/","url":"https:\/\/erospa.ca\/wp-content\/uploads\/2020\/09\/Erospa-Logo-black.png","contentUrl":"https:\/\/erospa.ca\/wp-content\/uploads\/2020\/09\/Erospa-Logo-black.png","width":216,"height":72,"caption":"Erospa"},"image":{"@id":"https:\/\/erospa.ca\/fr\/#\/schema\/logo\/image\/"},"sameAs":["https:\/\/www.facebook.com\/Erospa.International\/","https:\/\/www.instagram.com\/erospa_international\/"]}]}},"_links":{"self":[{"href":"https:\/\/erospa.ca\/fr\/wp-json\/wp\/v2\/pages\/4249","targetHints":{"allow":["GET"]}}],"collection":[{"href":"https:\/\/erospa.ca\/fr\/wp-json\/wp\/v2\/pages"}],"about":[{"href":"https:\/\/erospa.ca\/fr\/wp-json\/wp\/v2\/types\/page"}],"author":[{"embeddable":true,"href":"https:\/\/erospa.ca\/fr\/wp-json\/wp\/v2\/users\/1"}],"replies":[{"embeddable":true,"href":"https:\/\/erospa.ca\/fr\/wp-json\/wp\/v2\/comments?post=4249"}],"version-history":[{"count":0,"href":"https:\/\/erospa.ca\/fr\/wp-json\/wp\/v2\/pages\/4249\/revisions"}],"up":[{"embeddable":true,"href":"https:\/\/erospa.ca\/fr\/wp-json\/wp\/v2\/pages\/2558"}],"wp:attachment":[{"href":"https:\/\/erospa.ca\/fr\/wp-json\/wp\/v2\/media?parent=4249"}],"curies":[{"name":"wp","href":"https:\/\/api.w.org\/{rel}","templated":true}]}}