{"id":4261,"date":"2021-05-21T23:33:02","date_gmt":"2021-05-21T23:33:02","guid":{"rendered":"https:\/\/erospa.ca\/a-propos-erospa\/les-parfums-erospa\/"},"modified":"2026-04-24T18:07:19","modified_gmt":"2026-04-24T18:07:19","slug":"les-parfums-erospa","status":"publish","type":"page","link":"https:\/\/erospa.ca\/fr\/a-propos-erospa\/les-parfums-erospa\/","title":{"rendered":"Les parfums Erospa"},"content":{"rendered":"<div class=\"wpb-content-wrapper\"><p>[vc_row][vc_column][vc_column_text]<\/p>\n<h2>Trouver votre parfum<\/h2>\n<h2>Quelle parfum vous va le plus ?<\/h2>\n<p>Nos parfums sentent non seulement merveilleux, mais chacun de nos parfums offre son m\u00e9lange unique d\u2019ingr\u00e9dients b\u00e9n\u00e9fiques pour la peau. Soyez sexy et en bonne sant\u00e9 en m\u00eame temps. Mais il peut \u00eatre difficile de choisir un parfum. Laissez-nous vous aider \u00e0 trouver le bon pour vous.[\/vc_column_text][\/vc_column][\/vc_row][vc_row][vc_column width=&#8221;1\/2&#8243;][vc_column_text]<\/p>\n<h4>ATTRACTION<\/h4>\n<p>Notes de musc \u00e9pic\u00e9 sensuel<\/p>\n<p><a href=\"https:\/\/erospa.ca\/fr\/attraction\/\">Les bienfaits d\u2019Attraction<\/a> font accro\u00eet le flux sanguin dans l\u2019ensemble du corps, pour une peau revigor\u00e9e, des sensations plus intenses et de plus grands moments de plaisirs.<\/p>\n<h4>IMAGINATION<\/h4>\n<p>Une brise d\u2019oc\u00e9an rafra\u00eechissante<\/p>\n<p>Si vous recherchez quelque chose qui laisse une sensation de r\u00e9confort sur le corps, qui nettoie et prot\u00e8ge la peau et suscite les r\u00eaves les plus fous au premier contact, alors <a href=\"https:\/\/erospa.ca\/fr\/imagination\/\">Imagination<\/a> est faite pour vous.<\/p>\n<h4>INVITATION<\/h4>\n<p>Comme une \u00e9treinte florale<\/p>\n<p>Avez-vous besoin de vous d\u00e9tendre, de vous sentir rajeuni et hydrat\u00e9 ? Ou peut-\u00eatre quelque chose qui permet \u00e0 l\u2019esprit et au corps de se sentir vivants et pr\u00eats pour de nouvelles exp\u00e9riences. Nous recommandons <a href=\"https:\/\/erospa.ca\/fr\/invitation\/\">Invitation<\/a>.<\/p>\n<h4>S\u00c9DUCTION<\/h4>\n<p>Une touche de mandarine sauvage<\/p>\n<p><a href=\"https:\/\/erospa.ca\/fr\/seduction\/\">Seduction<\/a> offre une exp\u00e9rience rafra\u00eechissante, apaisante et relaxante sur la peau et le corps, en particulier pour les moments les plus excitants![\/vc_column_text][\/vc_column][vc_column width=&#8221;1\/2&#8243;][vc_empty_space height=&#8221;70px&#8221;][vc_wp_text]\n<div data-video-id=\"3\" class='wp-block-html5-player-video html5_video_players'\n    class=\"wp-block-html5-player-video\" data-nonce=\"\n    cbd50d2c05\" data-attributes=\"\n    {&quot;is_classic&quot;:true,&quot;provider&quot;:&quot;self-hosted&quot;,&quot;imported&quot;:false,&quot;clientId&quot;:&quot;&quot;,&quot;uniqueId&quot;:&quot;h5vp1&quot;,&quot;source&quot;:&quot;https:\\\/\\\/erospa.ca\\\/wp-content\\\/uploads\\\/2020\\\/11\\\/Girls-Dancing.mp4&quot;,&quot;poster&quot;:&quot;&quot;,&quot;skin&quot;:&quot;default&quot;,&quot;options&quot;:{&quot;controls&quot;:[&quot;play-large&quot;,&quot;play&quot;,&quot;progress&quot;,&quot;current-time&quot;,&quot;mute&quot;,&quot;volume&quot;,&quot;settings&quot;,&quot;pip&quot;,&quot;download&quot;,&quot;fullscreen&quot;],&quot;settings&quot;:[&quot;captions&quot;,&quot;quality&quot;,&quot;speed&quot;,&quot;loop&quot;],&quot;loadSprite&quot;:true,&quot;autoplay&quot;:true,&quot;playsinline&quot;:true,&quot;seekTime&quot;:10,&quot;volume&quot;:1,&quot;muted&quot;:true,&quot;hideControls&quot;:true,&quot;resetOnEnd&quot;:false,&quot;tooltips&quot;:{&quot;controls&quot;:true,&quot;seek&quot;:true},&quot;captions&quot;:{&quot;active&quot;:false,&quot;language&quot;:&quot;auto&quot;,&quot;update&quot;:true},&quot;ratio&quot;:null,&quot;storage&quot;:{&quot;enabled&quot;:true,&quot;key&quot;:&quot;plyr&quot;},&quot;speed&quot;:{&quot;options&quot;:[&quot;0.5&quot;,&quot; 0.75&quot;,&quot; 1&quot;,&quot; 1.25&quot;,&quot; 1.5&quot;,&quot; 1.75&quot;,&quot; 2&quot;,&quot; 4&quot;]},&quot;loop&quot;:{&quot;active&quot;:true},&quot;ads&quot;:{&quot;enabled&quot;:true,&quot;tagUrl&quot;:null},&quot;urls&quot;:{&quot;enabled&quot;:false,&quot;download&quot;:null},&quot;markers&quot;:{&quot;enabled&quot;:false,&quot;points&quot;:[]},&quot;preload&quot;:&quot;metadata&quot;},&quot;features&quot;:{&quot;popup&quot;:{&quot;enabled&quot;:false,&quot;selector&quot;:&quot;&quot;,&quot;hasBtn&quot;:false,&quot;type&quot;:&quot;poster&quot;,&quot;btnText&quot;:&quot;Watch Video&quot;,&quot;align&quot;:&quot;center&quot;,&quot;btnStyle&quot;:{&quot;color&quot;:&quot;#fff&quot;,&quot;backgroundColor&quot;:&quot;#006BA1&quot;,&quot;fontSize&quot;:&quot;16px&quot;,&quot;padding&quot;:{&quot;top&quot;:&quot;10px&quot;,&quot;right&quot;:&quot;20px&quot;,&quot;bottom&quot;:&quot;10px&quot;,&quot;left&quot;:&quot;20px&quot;}}},&quot;overlay&quot;:{&quot;enabled&quot;:false,&quot;items&quot;:[{&quot;color&quot;:&quot;#ffffff&quot;,&quot;backgroundColor&quot;:&quot;#333&quot;,&quot;fontSize&quot;:&quot;16px&quot;,&quot;link&quot;:&quot;&quot;,&quot;logo&quot;:null,&quot;text&quot;:&quot;&quot;,&quot;position&quot;:&quot;top_right&quot;,&quot;type&quot;:&quot;logo&quot;,&quot;opacity&quot;:0.6999999999999999555910790149937383830547332763671875}]},&quot;endScreen&quot;:{&quot;enabled&quot;:false,&quot;text&quot;:&quot;End Screen Text&quot;,&quot;btnText&quot;:&quot;Visit&quot;,&quot;btnLink&quot;:&quot;&quot;,&quot;btnStyle&quot;:[]},&quot;thumbInPause&quot;:{&quot;enabled&quot;:false,&quot;type&quot;:&quot;default&quot;},&quot;watermark&quot;:{&quot;enabled&quot;:false,&quot;type&quot;:&quot;email&quot;,&quot;text&quot;:&quot;&quot;,&quot;color&quot;:&quot;#f00&quot;},&quot;passwordProtected&quot;:{&quot;enabled&quot;:false,&quot;errorMessage&quot;:&quot;Password didn&#039;t matched&quot;,&quot;heading&quot;:&quot;Please Entire the password to access the video&quot;,&quot;key&quot;:&quot;propagans_3196&quot;,&quot;button&quot;:{&quot;text&quot;:&quot;Access&quot;,&quot;color&quot;:&quot;#222&quot;,&quot;backgroundColor&quot;:&quot;#ffffffe3&quot;},&quot;password&quot;:null},&quot;emailCapture&quot;:{&quot;isClassic&quot;:true,&quot;video_id&quot;:3196,&quot;enabled&quot;:false,&quot;displayAt&quot;:10,&quot;heading&quot;:&quot;&quot;,&quot;bottomText&quot;:&quot;&quot;,&quot;buttonText&quot;:&quot;&quot;,&quot;buttonColor&quot;:{&quot;color&quot;:&quot;#fff&quot;,&quot;bg&quot;:&quot;#006BA1&quot;},&quot;integration&quot;:&quot;none&quot;,&quot;webhook&quot;:&quot;&quot;,&quot;allowSkipping&quot;:false,&quot;roundCorner&quot;:false},&quot;sticky&quot;:{&quot;enabled&quot;:false,&quot;position&quot;:&quot;top_right&quot;},&quot;playWhenVisible&quot;:false,&quot;disablePause&quot;:false,&quot;hideYoutubeUI&quot;:false,&quot;startTime&quot;:0,&quot;hideLoadingPlaceholder&quot;:false,&quot;customPlayButtonSelector&quot;:&quot;&quot;,&quot;saveState&quot;:false},&quot;onlyLoggedIn&quot;:{&quot;whoCanSeeThisVideo&quot;:&quot;everyone&quot;,&quot;allowedRoles&quot;:[],&quot;message&quot;:&quot;This video is only for registered users. Please login to view the video.&quot;},&quot;seo&quot;:{&quot;name&quot;:&quot;&quot;,&quot;description&quot;:&quot;&quot;,&quot;duration&quot;:0},&quot;thumbInPause&quot;:false,&quot;hideYoutubeUI&quot;:false,&quot;additionalCSS&quot;:&quot;&quot;,&quot;additionalID&quot;:&quot;&quot;,&quot;autoplayWhenVisible&quot;:false,&quot;styles&quot;:{&quot;plyr_wrapper&quot;:{&quot;width&quot;:&quot;100%&quot;,&quot;borderRadius&quot;:&quot;0px&quot;,&quot;overflow&quot;:&quot;hidden&quot;},&quot;.plyr&quot;:{&quot;--plyr-color-main&quot;:&quot;#00b2ff&quot;}},&quot;CSS&quot;:&quot;&quot;,&quot;isCDURL&quot;:false,&quot;CDURL&quot;:&quot;&quot;,&quot;posterTime&quot;:20,&quot;brandColor&quot;:&quot;#00B3FF&quot;,&quot;radius&quot;:{&quot;number&quot;:0,&quot;unit&quot;:&quot;px&quot;},&quot;protected&quot;:false,&quot;password&quot;:&quot;&quot;,&quot;protectedText&quot;:&quot;Please enter password to wath the video&quot;,&quot;seekTime&quot;:10,&quot;startTime&quot;:0,&quot;preload&quot;:&quot;metadata&quot;,&quot;streaming&quot;:false,&quot;streamingType&quot;:&quot;hls&quot;,&quot;captionEnabled&quot;:false,&quot;vastTag&quot;:&quot;&quot;,&quot;saveState&quot;:false,&quot;subtitle&quot;:[{&quot;label&quot;:&quot;English\\\/en&quot;,&quot;caption_file&quot;:&quot;&quot;}],&quot;chapters&quot;:[],&quot;controls&quot;:{&quot;play-large&quot;:true,&quot;restart&quot;:false,&quot;rewind&quot;:false,&quot;play&quot;:true,&quot;fast-forward&quot;:false,&quot;progress&quot;:true,&quot;current-time&quot;:true,&quot;duration&quot;:false,&quot;mute&quot;:true,&quot;volume&quot;:true,&quot;pip&quot;:false,&quot;airplay&quot;:false,&quot;settings&quot;:true,&quot;downlaod&quot;:false,&quot;fullscreen&quot;:true},&quot;width&quot;:{&quot;deprecated&quot;:true,&quot;number&quot;:100,&quot;unit&quot;:&quot;%&quot;},&quot;repeat&quot;:false,&quot;autoplay&quot;:false,&quot;muted&quot;:false,&quot;sticky&quot;:false,&quot;stickyPosition&quot;:&quot;top-right&quot;,&quot;popup&quot;:false,&quot;popupType&quot;:&quot;button&quot;,&quot;playsinline&quot;:false,&quot;popupBtnStyle&quot;:[],&quot;popupBtnText&quot;:&quot;Watch Video&quot;,&quot;disablePause&quot;:false,&quot;thumbStyle&quot;:&quot;default&quot;,&quot;resetOnEnd&quot;:false,&quot;autoHideControl&quot;:true,&quot;overlay&quot;:false,&quot;overlayType&quot;:&quot;text&quot;,&quot;overlayText&quot;:&quot;Simple Text&quot;,&quot;overlayPosition&quot;:&quot;top_right&quot;,&quot;overlayBackground&quot;:&quot;#333&quot;,&quot;overlayOpacity&quot;:0.8000000000000000444089209850062616169452667236328125,&quot;overlayTextColor&quot;:&quot;#ffffff&quot;,&quot;overlayFontSize&quot;:{&quot;number&quot;:20,&quot;unit&quot;:&quot;px&quot;},&quot;overlayTextHoverColor&quot;:&quot;#ffffff&quot;,&quot;endScreen&quot;:{&quot;enabled&quot;:false,&quot;text&quot;:&quot;Simple Text&quot;,&quot;btnText&quot;:&quot;Click Here&quot;,&quot;btnLink&quot;:&quot;&quot;,&quot;btnStyle&quot;:[]},&quot;endscreen&quot;:false,&quot;endscreenText&quot;:&quot;Endscreen text&quot;,&quot;endscreenTextLink&quot;:&quot;#&quot;,&quot;speed&quot;:{&quot;1&quot;:true,&quot;2&quot;:true,&quot;3&quot;:true,&quot;0.5&quot;:true,&quot;0.75&quot;:true,&quot;1.25&quot;:true,&quot;1.5&quot;:true,&quot;1.75&quot;:true,&quot;2.5&quot;:true},&quot;video_id&quot;:&quot;3&quot;}\" data-preset=\"\n    null\">\n            <style>\n            .preload_poster svg {\n                background: var(--plyr-video-control-background-hover, var(--plyr-color-main, var(--plyr-color-main,\n                                #1ABAFF                            )));\n                border: 0;\n                border-radius: 100%;\n                left: 50%;\n                opacity: .9;\n                padding: calc(var(--plyr-control-spacing, 8px) * 1.5);\n                position: absolute;\n                top: 50%;\n                transform: translate(-50%, -50%);\n                transition: .3s;\n                z-index: 2;\n                box-sizing: content-box;\n                fill: #fff;\n            }\n\n            .preload_poster {\n                display:\n                    block            }\n        <\/style>\n        <div class=\"preload_poster\"\n            style=\"overflow:hidden;aspect-ratio:16\/9;background-image:url()\">\n            <svg width=\"24px\" height=\"24px\" viewBox=\"0 0 15 15\" fill=\"none\" xmlns=\"http:\/\/www.w3.org\/2000\/svg\">\n                <path\n                    d=\"M4.79062 2.09314C4.63821 1.98427 4.43774 1.96972 4.27121 2.05542C4.10467 2.14112 4 2.31271 4 2.5V12.5C4 12.6873 4.10467 12.8589 4.27121 12.9446C4.43774 13.0303 4.63821 13.0157 4.79062 12.9069L11.7906 7.90687C11.922 7.81301 12 7.66148 12 7.5C12 7.33853 11.922 7.18699 11.7906 7.09314L4.79062 2.09314Z\" \/>\n            <\/svg>\n        <\/div>\n        <\/div>[\/vc_wp_text][\/vc_column][\/vc_row][vc_row][vc_column width=&#8221;1\/4&#8243;][\/vc_column][vc_column width=&#8221;1\/2&#8243;][vc_column_text]<\/p>\n<h3>Avantages des sels d\u2019Epsom (Sulfate de magn\u00e9sium)<\/h3>\n<p>Saviez-vous que les sels d\u2019Epsom, trouv\u00e9s dans nos <a href=\"https:\/\/erospa.ca\/fr\/categorie-produit\/cristaux-parfumes-spa\/\">cristaux spa et bain \u00e0 remous,<\/a>avaient tant d\u2019avantages pour la sant\u00e9?<\/p>\n<blockquote>\n<ul style=\"text-align: left;\">\n<li>Am\u00e9liore la concentration, rel\u00e2chez la tension et le stress, et offre une nuit de sommeil reposante.<\/li>\n<li>Faites en sorte que les muscles se sentent renouvel\u00e9s et exempts de toute douleur, \u00e9liminant l\u2019enflure et r\u00e9duisant les crampes.<\/li>\n<li>Laisse le corps absorber plus d\u2019oxyg\u00e8ne et \u00e9limine les toxines, pour le corps, la peau et l\u2019esprit.<\/li>\n<li>Aide \u00e0 l\u2019absorption des nutriments essentiels pour le corps, produisant un corps plus sain.<\/li>\n<li>Nettoyez et adoucissez la peau, la faisant sentir et para\u00eetre plus jeune, revigor\u00e9e et heureuse.<\/li>\n<li>Am\u00e9liore la circulation sanguine et r\u00e9duit la tension, aidant \u00e0 soulager les migraines.<\/li>\n<\/ul>\n<\/blockquote>\n<p>[\/vc_column_text][\/vc_column][vc_column width=&#8221;1\/4&#8243;][\/vc_column][\/vc_row]<\/p>\n<\/div>","protected":false},"excerpt":{"rendered":"<p>[vc_row][vc_column][vc_column_text] Trouver votre parfum Quelle parfum vous va le plus ? Nos parfums sentent non seulement merveilleux, mais chacun de nos parfums offre son m\u00e9lange unique d\u2019ingr\u00e9dients b\u00e9n\u00e9fiques pour la peau. Soyez sexy et en bonne sant\u00e9 en m\u00eame temps. Mais il peut \u00eatre difficile de choisir un parfum. Laissez-nous vous aider \u00e0 trouver le [&hellip;]<\/p>\n","protected":false},"author":1,"featured_media":0,"parent":2558,"menu_order":0,"comment_status":"closed","ping_status":"closed","template":"","meta":{"footnotes":""},"class_list":["post-4261","page","type-page","status-publish","hentry"],"yoast_head":"<!-- This site is optimized with the Yoast SEO plugin v27.5 - https:\/\/yoast.com\/product\/yoast-seo-wordpress\/ -->\n<title>Les parfums Erospa - Erospa<\/title>\n<meta name=\"robots\" content=\"index, follow, max-snippet:-1, max-image-preview:large, max-video-preview:-1\" \/>\n<link rel=\"canonical\" href=\"https:\/\/erospa.ca\/fr\/a-propos-erospa\/les-parfums-erospa\/\" \/>\n<meta property=\"og:locale\" content=\"fr_CA\" \/>\n<meta property=\"og:type\" content=\"article\" \/>\n<meta property=\"og:title\" content=\"Les parfums Erospa - Erospa\" \/>\n<meta property=\"og:description\" content=\"[vc_row][vc_column][vc_column_text] Trouver votre parfum Quelle parfum vous va le plus ? Nos parfums sentent non seulement merveilleux, mais chacun de nos parfums offre son m\u00e9lange unique d\u2019ingr\u00e9dients b\u00e9n\u00e9fiques pour la peau. Soyez sexy et en bonne sant\u00e9 en m\u00eame temps. Mais il peut \u00eatre difficile de choisir un parfum. Laissez-nous vous aider \u00e0 trouver le [&hellip;]\" \/>\n<meta property=\"og:url\" content=\"https:\/\/erospa.ca\/fr\/a-propos-erospa\/les-parfums-erospa\/\" \/>\n<meta property=\"og:site_name\" content=\"Erospa\" \/>\n<meta property=\"article:publisher\" content=\"https:\/\/www.facebook.com\/Erospa.International\/\" \/>\n<meta property=\"article:modified_time\" content=\"2026-04-24T18:07:19+00:00\" \/>\n<meta name=\"twitter:label1\" content=\"Estimation du temps de lecture\" \/>\n\t<meta name=\"twitter:data1\" content=\"2 minutes\" \/>\n<!-- \/ Yoast SEO plugin. -->","yoast_head_json":{"title":"Les parfums Erospa - Erospa","robots":{"index":"index","follow":"follow","max-snippet":"max-snippet:-1","max-image-preview":"max-image-preview:large","max-video-preview":"max-video-preview:-1"},"canonical":"https:\/\/erospa.ca\/fr\/a-propos-erospa\/les-parfums-erospa\/","og_locale":"fr_CA","og_type":"article","og_title":"Les parfums Erospa - Erospa","og_description":"[vc_row][vc_column][vc_column_text] Trouver votre parfum Quelle parfum vous va le plus ? Nos parfums sentent non seulement merveilleux, mais chacun de nos parfums offre son m\u00e9lange unique d\u2019ingr\u00e9dients b\u00e9n\u00e9fiques pour la peau. Soyez sexy et en bonne sant\u00e9 en m\u00eame temps. Mais il peut \u00eatre difficile de choisir un parfum. Laissez-nous vous aider \u00e0 trouver le [&hellip;]","og_url":"https:\/\/erospa.ca\/fr\/a-propos-erospa\/les-parfums-erospa\/","og_site_name":"Erospa","article_publisher":"https:\/\/www.facebook.com\/Erospa.International\/","article_modified_time":"2026-04-24T18:07:19+00:00","twitter_misc":{"Estimation du temps de lecture":"2 minutes"},"schema":{"@context":"https:\/\/schema.org","@graph":[{"@type":"WebPage","@id":"https:\/\/erospa.ca\/fr\/a-propos-erospa\/les-parfums-erospa\/","url":"https:\/\/erospa.ca\/fr\/a-propos-erospa\/les-parfums-erospa\/","name":"Les parfums Erospa - Erospa","isPartOf":{"@id":"https:\/\/erospa.ca\/fr\/#website"},"datePublished":"2021-05-21T23:33:02+00:00","dateModified":"2026-04-24T18:07:19+00:00","breadcrumb":{"@id":"https:\/\/erospa.ca\/fr\/a-propos-erospa\/les-parfums-erospa\/#breadcrumb"},"inLanguage":"fr-CA","potentialAction":[{"@type":"ReadAction","target":["https:\/\/erospa.ca\/fr\/a-propos-erospa\/les-parfums-erospa\/"]}]},{"@type":"BreadcrumbList","@id":"https:\/\/erospa.ca\/fr\/a-propos-erospa\/les-parfums-erospa\/#breadcrumb","itemListElement":[{"@type":"ListItem","position":1,"name":"Home","item":"https:\/\/erospa.ca\/fr\/"},{"@type":"ListItem","position":2,"name":"\u00c0 propos Erospa","item":"https:\/\/erospa.ca\/fr\/a-propos-erospa\/"},{"@type":"ListItem","position":3,"name":"Les parfums Erospa"}]},{"@type":"WebSite","@id":"https:\/\/erospa.ca\/fr\/#website","url":"https:\/\/erospa.ca\/fr\/","name":"Erospa","description":"From hot tub to the bedroom","publisher":{"@id":"https:\/\/erospa.ca\/fr\/#organization"},"potentialAction":[{"@type":"SearchAction","target":{"@type":"EntryPoint","urlTemplate":"https:\/\/erospa.ca\/fr\/?s={search_term_string}"},"query-input":{"@type":"PropertyValueSpecification","valueRequired":true,"valueName":"search_term_string"}}],"inLanguage":"fr-CA"},{"@type":"Organization","@id":"https:\/\/erospa.ca\/fr\/#organization","name":"Erospa","url":"https:\/\/erospa.ca\/fr\/","logo":{"@type":"ImageObject","inLanguage":"fr-CA","@id":"https:\/\/erospa.ca\/fr\/#\/schema\/logo\/image\/","url":"https:\/\/erospa.ca\/wp-content\/uploads\/2020\/09\/Erospa-Logo-black.png","contentUrl":"https:\/\/erospa.ca\/wp-content\/uploads\/2020\/09\/Erospa-Logo-black.png","width":216,"height":72,"caption":"Erospa"},"image":{"@id":"https:\/\/erospa.ca\/fr\/#\/schema\/logo\/image\/"},"sameAs":["https:\/\/www.facebook.com\/Erospa.International\/","https:\/\/www.instagram.com\/erospa_international\/"]}]}},"_links":{"self":[{"href":"https:\/\/erospa.ca\/fr\/wp-json\/wp\/v2\/pages\/4261","targetHints":{"allow":["GET"]}}],"collection":[{"href":"https:\/\/erospa.ca\/fr\/wp-json\/wp\/v2\/pages"}],"about":[{"href":"https:\/\/erospa.ca\/fr\/wp-json\/wp\/v2\/types\/page"}],"author":[{"embeddable":true,"href":"https:\/\/erospa.ca\/fr\/wp-json\/wp\/v2\/users\/1"}],"replies":[{"embeddable":true,"href":"https:\/\/erospa.ca\/fr\/wp-json\/wp\/v2\/comments?post=4261"}],"version-history":[{"count":3,"href":"https:\/\/erospa.ca\/fr\/wp-json\/wp\/v2\/pages\/4261\/revisions"}],"predecessor-version":[{"id":5540,"href":"https:\/\/erospa.ca\/fr\/wp-json\/wp\/v2\/pages\/4261\/revisions\/5540"}],"up":[{"embeddable":true,"href":"https:\/\/erospa.ca\/fr\/wp-json\/wp\/v2\/pages\/2558"}],"wp:attachment":[{"href":"https:\/\/erospa.ca\/fr\/wp-json\/wp\/v2\/media?parent=4261"}],"curies":[{"name":"wp","href":"https:\/\/api.w.org\/{rel}","templated":true}]}}