{"id":4574,"date":"2021-09-09T16:30:06","date_gmt":"2021-09-09T16:30:06","guid":{"rendered":"https:\/\/erospa.ca\/a-propos-erospa\/bienfaits-de-nos-extraits-naturels\/"},"modified":"2021-09-24T00:21:22","modified_gmt":"2021-09-24T00:21:22","slug":"bienfaits-de-nos-extraits-naturels","status":"publish","type":"page","link":"https:\/\/erospa.ca\/fr\/a-propos-erospa\/bienfaits-de-nos-extraits-naturels\/","title":{"rendered":"Bienfaits de nos extraits naturels"},"content":{"rendered":"<div class=\"wpb-content-wrapper\"><p>[vc_row][vc_column][vc_column_text el_class=&#8221;pharmalok&#8221;]<\/p>\n<h2>Bienfaits de nos extraits naturels<\/h2>\n<p>Nos quatre m\u00e9langes aphrodisiaques uniques sont faits d\u2019extraits naturels con\u00e7us pour enchanter l\u2019odeur, stimuler le toucher, faire fondre tout votre stress et cr\u00e9er un environnement aussi sensuel que possible.<\/p>\n<p>Et en prime, vous r\u00e9colterez \u00e9galement tous les bienfaits pour la sant\u00e9 offerts par la s\u00e9lection des ingr\u00e9dients favorables ci-dessous :[\/vc_column_text][\/vc_column][\/vc_row][vc_row][vc_column][vc_column_text]<\/p>\n<div style=\"overflow-x: auto;\">\n<table class=\"ingredients\" style=\"height: 900px;\">\n<tbody>\n<tr style=\"background-color: #000000; border-bottom: 3px solid #FFFFFF;\">\n<td style=\"color: white;\"><b>INGR\u00c9DIENTS<\/b><\/td>\n<td style=\"color: white;\"><b>NOM COMMUN<\/b><\/td>\n<td style=\"color: white;\"><b>BIENFAITS<\/b><\/td>\n<td style=\"color: white;\"><b>TROUV\u00c9 DANS<\/b><\/td>\n<\/tr>\n<tr style=\"background-color: #ffffff; border-bottom: 1px solid #999999;\">\n<td><b>Extrait de feuille d\u2019Aloe Barbadensis<\/b><\/td>\n<td><a class=\"table\" href=\"https:\/\/erospa.ca\/fr\/?s=Aloe+Vera&#038;post_type=product\">Aloe Vera<\/a><\/td>\n<td>Apporte une hydratation pr\u00e9cieuse aux peaux s\u00e8ches. Apaisant.<\/td>\n<td>TOUT<\/td>\n<\/tr>\n<tr style=\"background-color: #ffffff; border-bottom: 1px solid #999999;\">\n<td><b>Extrait de fruit de<br \/>\nLonicera Japonica<\/b><\/td>\n<td><a class=\"table\" href=\"https:\/\/erospa.ca\/fr\/?s=Chevrefeuille&#038;post_type=product\">Ch\u00e8vrefeuille du Japon<\/a><\/td>\n<td>Apaisant et aide \u00e0 soulager les affections cutan\u00e9es.<\/td>\n<td>INVITATION<\/td>\n<\/tr>\n<tr style=\"background-color: #ffffff; border-bottom: 1px solid #999999;\">\n<td><b>Extrait de Cymbopogon<br \/>\nCitratus<\/b><\/td>\n<td><a class=\"table\" href=\"https:\/\/erospa.ca\/fr\/?s=Lemongrass&#038;post_type=product\">Citronnelle<\/a><\/td>\n<td>Un parfum frais, citronn\u00e9, doux qui est \u00e9nergisant \u00e0 la fois pour l&#8217;esprit et le corps.<\/td>\n<td>ATTRACTION<\/td>\n<\/tr>\n<tr style=\"background-color: #ffffff; border-bottom: 1px solid #999999;\">\n<td><b>Extrait de fruit de<br \/>\nJuniperus Communis<\/b><\/td>\n<td><a class=\"table\" href=\"https:\/\/erospa.ca\/fr\/?s=Juniper&#038;post_type=product\">Gen\u00e9vrier<\/a><\/td>\n<td>Nettoie et tonifie. Aide \u00e0 apaiser les affections<br \/>\ncutan\u00e9es. Aide \u00e0 soulager les douleurs musculaires.<\/td>\n<td>ATTRACTION<\/td>\n<\/tr>\n<tr style=\"background-color: #ffffff; border-bottom: 1px solid #999999;\">\n<td><b>Extrait de racine de<br \/>\nGinseng Panax<\/b><\/td>\n<td><a class=\"table\" href=\"https:\/\/erospa.ca\/fr\/?s=Ginseng&#038;post_type=product\">Ginseng<\/a><\/td>\n<td>Aide le corps \u00e0 g\u00e9rer le stress, augmente les niveaux<br \/>\nd&#8217;\u00e9nergie, am\u00e9liore les performances mentales et<br \/>\nphysiques.<\/td>\n<td>ATTRACTION<\/td>\n<\/tr>\n<tr style=\"background-color: #ffffff; border-bottom: 1px solid #999999;\">\n<td><b>Extrait de Panax Quinquefolius (Ginseng)<\/b><\/td>\n<td><a class=\"table\" href=\"https:\/\/erospa.ca\/fr\/?s=Americain&#038;post_type=product\">Ginseng am\u00e9ricain<\/a><\/td>\n<td>Aide \u00e0 activer la r\u00e9g\u00e9n\u00e9ration de la peau. Aide \u00e0 am\u00e9liorer la luminosit\u00e9 et le tonus de la peau.<\/td>\n<td>S\u00c9DUCTION<\/td>\n<\/tr>\n<tr style=\"background-color: #ffffff; border-bottom: 1px solid #999999;\">\n<td><b>Extrait de fruit de<br \/>\nLavandula Angustifolia<\/b><\/td>\n<td><a class=\"table\" href=\"https:\/\/erospa.ca\/fr\/?s=Lavender&#038;post_type=product\">Lavender<\/a><\/td>\n<td>Est b\u00e9n\u00e9fique pour la relaxation et procure une<br \/>\nsensation apaisante.<\/td>\n<td>IMAGINATION<\/td>\n<\/tr>\n<tr style=\"background-color: #ffffff; border-bottom: 1px solid #999999;\">\n<td><b>Extrait de fruit de Citrus<br \/>\nNobilis<\/b><\/td>\n<td><a class=\"table\" href=\"https:\/\/erospa.ca\/fr\/?s=Mandarine&#038;post_type=product\">Mandarine<\/a><\/td>\n<td>Parfum fruit\u00e9 l\u00e9ger qui d\u00e9tend le corps, la pens\u00e9e et<br \/>\nl&#8217;esprit.<\/td>\n<td>S\u00c9DUCTION<\/td>\n<\/tr>\n<tr style=\"background-color: #ffffff; border-bottom: 1px solid #999999;\">\n<td><b>Extrait de fruit d&#8217;Amara de Citrus Aurantium<\/b><\/td>\n<td><a class=\"table\" href=\"https:\/\/erospa.ca\/fr\/?s=amere&#038;post_type=product\">Orange am\u00e8re<\/a><\/td>\n<td>Ar\u00f4me doux et floral. Relaxant pour le corps et l&#8217;esprit. Rajeunissant et revitalisant pour la peau.<\/td>\n<td>S\u00c9DUCTION<\/td>\n<\/tr>\n<tr style=\"background-color: #ffffff; border-bottom: 1px solid #999999;\">\n<td><b>Extrait de fruit de Pyrus<br \/>\nMalus<\/b><\/td>\n<td><a class=\"table\" href=\"https:\/\/erospa.ca\/fr\/?s=Paradis&#038;post_type=product\">Pommier paradis<\/a><\/td>\n<td>Hydratant. Aide \u00e0 r\u00e9duire l&#8217;apparence du vieillissement<br \/>\ncutan\u00e9.<\/td>\n<td>INVITATION<\/td>\n<\/tr>\n<tr style=\"background-color: #ffffff; border-bottom: 1px solid #999999;\">\n<td><b>Extrait de grains de Vitis<br \/>\nVinifera<\/b><\/td>\n<td><a class=\"table\" href=\"https:\/\/erospa.ca\/fr\/?s=Grape&#038;post_type=product\">Raisin<\/a><\/td>\n<td>Peut aider diverses affections cutan\u00e9es et aider \u00e0<br \/>\nr\u00e9duire les signes du vieillissement cutan\u00e9.<\/td>\n<td>IMAGINATION<\/td>\n<\/tr>\n<tr style=\"background-color: #ffffff; border-bottom: 1px solid #999999;\">\n<td><b>Extrait de feuille de<br \/>\nCamellia Sinensis<\/b><\/td>\n<td><a class=\"table\" href=\"https:\/\/erospa.ca\/fr\/?s=Green+Tea&#038;post_type=product\">Th\u00e9 vert<\/a><\/td>\n<td>Aide \u00e0 tonifier et apaiser la peau.<\/td>\n<td>INVITATION<\/td>\n<\/tr>\n<tr style=\"background-color: #ffffff; border-bottom: 1px solid #000000;\">\n<td><b style=\"font-family: inherit; font-size: inherit;\">Ac\u00e9tate de tocoph\u00e9ryle<\/b><\/td>\n<td><a class=\"table\" href=\"https:\/\/erospa.ca\/fr\/?s=Vitamin+E&#038;post_type=product\">Vitamine E<\/a><\/td>\n<td>Une bonne source de conditionnement naturel de la<br \/>\npeau.<\/td>\n<td>TOUT<\/td>\n<\/tr>\n<\/tbody>\n<\/table>\n<\/div>\n<p>[\/vc_column_text][\/vc_column][\/vc_row][vc_row][vc_column][vc_column_text]<a href=\"https:\/\/erospa.ca\/wp-content\/uploads\/2021\/09\/Erospa_Ingredients-FR-1.pdf\" target=\"_blank\" rel=\"noopener\"><img decoding=\"async\" class=\"alignnone size-full wp-image-4567\" src=\"https:\/\/erospa.ca\/wp-content\/uploads\/2021\/09\/pdficon.png\" alt=\"Ingr\u00e9dients Erospa PDF\" width=\"60\" height=\"60\" \/><\/a><\/p>\n<p><a href=\"https:\/\/erospa.ca\/wp-content\/uploads\/2021\/09\/Erospa_Ingredients-FR-1.pdf\" target=\"_blank\" rel=\"attachment wp-att-8463 noopener\">T\u00e9l\u00e9charger le PDF des ingr\u00e9dients Erospa<\/a>[\/vc_column_text][\/vc_column][\/vc_row]<\/p>\n<\/div>","protected":false},"excerpt":{"rendered":"<p>[vc_row][vc_column][vc_column_text el_class=&#8221;pharmalok&#8221;] Bienfaits de nos extraits naturels Nos quatre m\u00e9langes aphrodisiaques uniques sont faits d\u2019extraits naturels con\u00e7us pour enchanter l\u2019odeur, stimuler le toucher, faire fondre tout votre stress et cr\u00e9er un environnement aussi sensuel que possible. Et en prime, vous r\u00e9colterez \u00e9galement tous les bienfaits pour la sant\u00e9 offerts par la s\u00e9lection des ingr\u00e9dients favorables [&hellip;]<\/p>\n","protected":false},"author":1,"featured_media":0,"parent":2558,"menu_order":0,"comment_status":"closed","ping_status":"closed","template":"","meta":{"footnotes":""},"class_list":["post-4574","page","type-page","status-publish","hentry"],"yoast_head":"<!-- This site is optimized with the Yoast SEO plugin v27.5 - https:\/\/yoast.com\/product\/yoast-seo-wordpress\/ -->\n<title>Bienfaits de nos extraits naturels - Erospa<\/title>\n<meta name=\"robots\" content=\"index, follow, max-snippet:-1, max-image-preview:large, max-video-preview:-1\" \/>\n<link rel=\"canonical\" href=\"https:\/\/erospa.ca\/fr\/a-propos-erospa\/bienfaits-de-nos-extraits-naturels\/\" \/>\n<meta property=\"og:locale\" content=\"fr_CA\" \/>\n<meta property=\"og:type\" content=\"article\" \/>\n<meta property=\"og:title\" content=\"Bienfaits de nos extraits naturels - Erospa\" \/>\n<meta property=\"og:description\" content=\"[vc_row][vc_column][vc_column_text el_class=&#8221;pharmalok&#8221;] Bienfaits de nos extraits naturels Nos quatre m\u00e9langes aphrodisiaques uniques sont faits d\u2019extraits naturels con\u00e7us pour enchanter l\u2019odeur, stimuler le toucher, faire fondre tout votre stress et cr\u00e9er un environnement aussi sensuel que possible. Et en prime, vous r\u00e9colterez \u00e9galement tous les bienfaits pour la sant\u00e9 offerts par la s\u00e9lection des ingr\u00e9dients favorables [&hellip;]\" \/>\n<meta property=\"og:url\" content=\"https:\/\/erospa.ca\/fr\/a-propos-erospa\/bienfaits-de-nos-extraits-naturels\/\" \/>\n<meta property=\"og:site_name\" content=\"Erospa\" \/>\n<meta property=\"article:publisher\" content=\"https:\/\/www.facebook.com\/Erospa.International\/\" \/>\n<meta property=\"article:modified_time\" content=\"2021-09-24T00:21:22+00:00\" \/>\n<meta property=\"og:image\" content=\"https:\/\/erospa.ca\/wp-content\/uploads\/2021\/09\/pdficon.png\" \/>\n<meta name=\"twitter:label1\" content=\"Estimation du temps de lecture\" \/>\n\t<meta name=\"twitter:data1\" content=\"2 minutes\" \/>\n<!-- \/ Yoast SEO plugin. -->","yoast_head_json":{"title":"Bienfaits de nos extraits naturels - Erospa","robots":{"index":"index","follow":"follow","max-snippet":"max-snippet:-1","max-image-preview":"max-image-preview:large","max-video-preview":"max-video-preview:-1"},"canonical":"https:\/\/erospa.ca\/fr\/a-propos-erospa\/bienfaits-de-nos-extraits-naturels\/","og_locale":"fr_CA","og_type":"article","og_title":"Bienfaits de nos extraits naturels - Erospa","og_description":"[vc_row][vc_column][vc_column_text el_class=&#8221;pharmalok&#8221;] Bienfaits de nos extraits naturels Nos quatre m\u00e9langes aphrodisiaques uniques sont faits d\u2019extraits naturels con\u00e7us pour enchanter l\u2019odeur, stimuler le toucher, faire fondre tout votre stress et cr\u00e9er un environnement aussi sensuel que possible. Et en prime, vous r\u00e9colterez \u00e9galement tous les bienfaits pour la sant\u00e9 offerts par la s\u00e9lection des ingr\u00e9dients favorables [&hellip;]","og_url":"https:\/\/erospa.ca\/fr\/a-propos-erospa\/bienfaits-de-nos-extraits-naturels\/","og_site_name":"Erospa","article_publisher":"https:\/\/www.facebook.com\/Erospa.International\/","article_modified_time":"2021-09-24T00:21:22+00:00","og_image":[{"url":"https:\/\/erospa.ca\/wp-content\/uploads\/2021\/09\/pdficon.png","type":"","width":"","height":""}],"twitter_misc":{"Estimation du temps de lecture":"2 minutes"},"schema":{"@context":"https:\/\/schema.org","@graph":[{"@type":"WebPage","@id":"https:\/\/erospa.ca\/fr\/a-propos-erospa\/bienfaits-de-nos-extraits-naturels\/","url":"https:\/\/erospa.ca\/fr\/a-propos-erospa\/bienfaits-de-nos-extraits-naturels\/","name":"Bienfaits de nos extraits naturels - Erospa","isPartOf":{"@id":"https:\/\/erospa.ca\/fr\/#website"},"primaryImageOfPage":{"@id":"https:\/\/erospa.ca\/fr\/a-propos-erospa\/bienfaits-de-nos-extraits-naturels\/#primaryimage"},"image":{"@id":"https:\/\/erospa.ca\/fr\/a-propos-erospa\/bienfaits-de-nos-extraits-naturels\/#primaryimage"},"thumbnailUrl":"https:\/\/erospa.ca\/wp-content\/uploads\/2021\/09\/pdficon.png","datePublished":"2021-09-09T16:30:06+00:00","dateModified":"2021-09-24T00:21:22+00:00","breadcrumb":{"@id":"https:\/\/erospa.ca\/fr\/a-propos-erospa\/bienfaits-de-nos-extraits-naturels\/#breadcrumb"},"inLanguage":"fr-CA","potentialAction":[{"@type":"ReadAction","target":["https:\/\/erospa.ca\/fr\/a-propos-erospa\/bienfaits-de-nos-extraits-naturels\/"]}]},{"@type":"ImageObject","inLanguage":"fr-CA","@id":"https:\/\/erospa.ca\/fr\/a-propos-erospa\/bienfaits-de-nos-extraits-naturels\/#primaryimage","url":"https:\/\/erospa.ca\/wp-content\/uploads\/2021\/09\/pdficon.png","contentUrl":"https:\/\/erospa.ca\/wp-content\/uploads\/2021\/09\/pdficon.png"},{"@type":"BreadcrumbList","@id":"https:\/\/erospa.ca\/fr\/a-propos-erospa\/bienfaits-de-nos-extraits-naturels\/#breadcrumb","itemListElement":[{"@type":"ListItem","position":1,"name":"Home","item":"https:\/\/erospa.ca\/fr\/"},{"@type":"ListItem","position":2,"name":"\u00c0 propos Erospa","item":"https:\/\/erospa.ca\/fr\/a-propos-erospa\/"},{"@type":"ListItem","position":3,"name":"Bienfaits de nos extraits naturels"}]},{"@type":"WebSite","@id":"https:\/\/erospa.ca\/fr\/#website","url":"https:\/\/erospa.ca\/fr\/","name":"Erospa","description":"From hot tub to the bedroom","publisher":{"@id":"https:\/\/erospa.ca\/fr\/#organization"},"potentialAction":[{"@type":"SearchAction","target":{"@type":"EntryPoint","urlTemplate":"https:\/\/erospa.ca\/fr\/?s={search_term_string}"},"query-input":{"@type":"PropertyValueSpecification","valueRequired":true,"valueName":"search_term_string"}}],"inLanguage":"fr-CA"},{"@type":"Organization","@id":"https:\/\/erospa.ca\/fr\/#organization","name":"Erospa","url":"https:\/\/erospa.ca\/fr\/","logo":{"@type":"ImageObject","inLanguage":"fr-CA","@id":"https:\/\/erospa.ca\/fr\/#\/schema\/logo\/image\/","url":"https:\/\/erospa.ca\/wp-content\/uploads\/2020\/09\/Erospa-Logo-black.png","contentUrl":"https:\/\/erospa.ca\/wp-content\/uploads\/2020\/09\/Erospa-Logo-black.png","width":216,"height":72,"caption":"Erospa"},"image":{"@id":"https:\/\/erospa.ca\/fr\/#\/schema\/logo\/image\/"},"sameAs":["https:\/\/www.facebook.com\/Erospa.International\/","https:\/\/www.instagram.com\/erospa_international\/"]}]}},"_links":{"self":[{"href":"https:\/\/erospa.ca\/fr\/wp-json\/wp\/v2\/pages\/4574","targetHints":{"allow":["GET"]}}],"collection":[{"href":"https:\/\/erospa.ca\/fr\/wp-json\/wp\/v2\/pages"}],"about":[{"href":"https:\/\/erospa.ca\/fr\/wp-json\/wp\/v2\/types\/page"}],"author":[{"embeddable":true,"href":"https:\/\/erospa.ca\/fr\/wp-json\/wp\/v2\/users\/1"}],"replies":[{"embeddable":true,"href":"https:\/\/erospa.ca\/fr\/wp-json\/wp\/v2\/comments?post=4574"}],"version-history":[{"count":0,"href":"https:\/\/erospa.ca\/fr\/wp-json\/wp\/v2\/pages\/4574\/revisions"}],"up":[{"embeddable":true,"href":"https:\/\/erospa.ca\/fr\/wp-json\/wp\/v2\/pages\/2558"}],"wp:attachment":[{"href":"https:\/\/erospa.ca\/fr\/wp-json\/wp\/v2\/media?parent=4574"}],"curies":[{"name":"wp","href":"https:\/\/api.w.org\/{rel}","templated":true}]}}