{"id":2334,"date":"2020-07-23T21:00:38","date_gmt":"2020-07-31T21:15:14","guid":{"rendered":"https:\/\/erospa.ca\/product\/huile-corporelle-seche\/"},"modified":"2023-06-10T22:24:09","modified_gmt":"2023-06-10T22:24:09","slug":"huile-seche-corps-et-massage-erospa","status":"publish","type":"product","link":"https:\/\/erospa.ca\/fr\/boutique\/huile-seche-corps-et-massage-erospa\/","title":{"rendered":"Huile s\u00e8che pour le corps et massage &#8211; Tous les parfums"},"content":{"rendered":"<h2>\u00c0 base d\u2019huiles de coco et de chanvre, notre huile s\u00e8che corps et massage velout\u00e9e et non grasse a \u00e9t\u00e9 con\u00e7ue \u00e0 la fois pour les massages sensuels et comme huile corporelle hydratante.<\/h2>\n<p><span lang=\"en-US\">L\u2019huile de massage s\u00e8che pour le corps 2-en-1 Erospa propose une texture soyeuse des plus sensuelles qui glisse voluptueusement sur la peau. Son envo\u00fbtante formule \u00e9veille les sens, pour une peau douce et un agr\u00e9able sentiment de bien-\u00eatre.<\/span><\/p>\n<h3>FEATURES ICONS<\/h3>\n<ul>\n<li>Enrichi d\u2019extraits naturels s\u00e9ch\u00e9s et d\u2019huiles de coco et de chanvre, cette huile s\u00e8che pour le corps convient aux peaux sensibles.<\/li>\n<li>100% sans colorants artificiels, sans huile min\u00e9rale, sans gluten, sans parab\u00e8nes et sans produits d\u00e9riv\u00e9s du p\u00e9trole.<\/li>\n<li>V\u00e9gane. Produit non test\u00e9 sur les animaux.<br \/>\n.<\/li>\n<\/ul>\n<h3>Benefits of our Massage &amp; Dry Body Oil<\/h3>\n<ul>\n<li>Excellent pour les peaux tr\u00e8s s\u00e8ches.<\/li>\n<li>Absorbe imm\u00e9diatement.<\/li>\n<li>Am\u00e9liore l&#8217;apparence et la texture de la peau.<\/li>\n<li>Laisse une sensation soyeuse.<\/li>\n<li>Aucun r\u00e9sidu collant, huileux.<\/li>\n<\/ul>\n<h3>MODE D\u2019EMPLOI<\/h3>\n<ul>\n<li><strong>Comme huile de massage sensuelle<\/strong><br \/>\nRetirer le bouchon de la bouteille et ins\u00e9rer le pulv\u00e9risateur avant la premi\u00e8re utilisation \u2022 Pour s\u2019en servir comme huile \u00e0 massage sensuelle, vaporiser quatre ou cinq jets dans la paume de la main, frotter les mains ensemble pour r\u00e9chauffer l\u2019huile, puis masser la peau.<\/li>\n<li><strong>Comme hydratant corporel quotidien<\/strong><br \/>\n<span lang=\"en-US\">Vaporiser un ou deux jets sur la peau et \u00e9tendre uniform\u00e9ment sur le corps avec les mains.<\/span><\/li>\n<\/ul>\n<p>Consultez notre page <a href=\"https:\/\/erospa.ca\/fr\/a-propos-erospa\/comment-utiliser-les-produits-erospa\/\">comment utiliser les produits Erospa<\/a> pour obtenir des instructions d\u00e9taill\u00e9es.<\/p>\n<h5>AVERTISSEMENT<\/h5>\n<p>\u00c9viter tout contact avec les muqueuses \u2022 Ne pas utiliser sur une peau irrit\u00e9e ou pr\u00e9sentant des l\u00e9sions \u2022 En cas d\u2019irritation cutan\u00e9e, cesser imm\u00e9diatement l\u2019utilisation et consulter un professionnel de la sant\u00e9 \u2022 \u00c9viter tout contact avec les yeux \u2022 En cas de contact avec les yeux, rincer abondamment \u00e0 l\u2019eau et consulter un professionnel de la sant\u00e9 si l\u2019irritation persiste \u2022 Conserver hors de la port\u00e9e des enfants et des animaux \u2022 Pour usage topique seulement \u2022 En cas d\u2019ingestion, communiquer imm\u00e9diatement avec un centre antipoison \u2022 Nettoyer imm\u00e9diatement tout d\u00e9versement pour pr\u00e9venir les chutes en raison de surfaces glissantes \u2022 Fermer le couvercle et placer en position verticale pour pr\u00e9venir les fuites \u2022 Toutes les huiles v\u00e9g\u00e9tales sont combustibles; faire preuve de prudence au moment de laver les tissus souill\u00e9s par ces huiles.<\/p>\n<h5>Information sur le produit<\/h5>\n<p>Taille du contenant 100 ml \/ 3.4 fl. oz<\/p>\n<h5>Visiter&#8230;<\/h5>\n<ul>\n<li>autres fragrances <a href=\"https:\/\/erospa.ca\/fr\/?attachment_id=2804\">d&#8217;huile s\u00e8che corps et massage<\/a><\/li>\n<li>nos comptes <a href=\"https:\/\/www.facebook.com\/Erospa.International\/\" target=\"_blank\" rel=\"noopener noreferrer\">Facebook<\/a> et <a href=\"https:\/\/www.instagram.com\/erospa_international\/\" target=\"_blank\" rel=\"noopener noreferrer\">Instagram<\/a><\/li>\n<\/ul>\n","protected":false},"excerpt":{"rendered":"<p>\u00c0 base d\u2019huiles de coco et de chanvre, notre huile s\u00e8che corps et massage velout\u00e9e et non grasse a \u00e9t\u00e9 con\u00e7ue \u00e0 la fois pour les massages sensuels et comme huile corporelle hydratante.<\/p>\n","protected":false},"featured_media":2801,"comment_status":"open","ping_status":"closed","template":"","meta":[],"product_brand":[],"product_cat":[24],"product_tag":[],"class_list":{"0":"post-2334","1":"product","2":"type-product","3":"status-publish","4":"has-post-thumbnail","6":"product_cat-boutique","8":"first","9":"instock","10":"taxable","11":"shipping-taxable","12":"product-type-grouped"},"yoast_head":"<!-- This site is optimized with the Yoast SEO plugin v27.4 - https:\/\/yoast.com\/product\/yoast-seo-wordpress\/ -->\n<title>Huile s\u00e8che pour le corps et massage - Tous les parfums - Erospa<\/title>\n<meta name=\"description\" content=\"L&#039;huile corporelle s\u00e8che et massage Erospa est compos\u00e9e d&#039;huiles de noix de coco et de chanvre con\u00e7ues pour des massages sensuels et comme huile corporelle hydratante.\" \/>\n<meta name=\"robots\" content=\"index, follow, max-snippet:-1, max-image-preview:large, max-video-preview:-1\" \/>\n<link rel=\"canonical\" href=\"https:\/\/erospa.ca\/fr\/boutique\/huile-seche-corps-et-massage-erospa\/\" \/>\n<meta property=\"og:locale\" content=\"fr_CA\" \/>\n<meta property=\"og:type\" content=\"article\" \/>\n<meta property=\"og:title\" content=\"Huile s\u00e8che pour le corps et massage - Tous les parfums - Erospa\" \/>\n<meta property=\"og:description\" content=\"L&#039;huile corporelle s\u00e8che et massage Erospa est compos\u00e9e d&#039;huiles de noix de coco et de chanvre con\u00e7ues pour des massages sensuels et comme huile corporelle hydratante.\" \/>\n<meta property=\"og:url\" content=\"https:\/\/erospa.ca\/fr\/boutique\/huile-seche-corps-et-massage-erospa\/\" \/>\n<meta property=\"og:site_name\" content=\"Erospa\" \/>\n<meta property=\"article:publisher\" content=\"https:\/\/www.facebook.com\/Erospa.International\/\" \/>\n<meta property=\"article:modified_time\" content=\"2023-06-10T22:24:09+00:00\" \/>\n<meta property=\"og:image\" content=\"https:\/\/erospa.ca\/wp-content\/uploads\/2020\/07\/Massage-and-dry-body-oil-Erospa-variations-product-1.png\" \/>\n\t<meta property=\"og:image:width\" content=\"1000\" \/>\n\t<meta property=\"og:image:height\" content=\"1000\" \/>\n\t<meta property=\"og:image:type\" content=\"image\/png\" \/>\n<meta name=\"twitter:label1\" content=\"Estimation du temps de lecture\" \/>\n\t<meta name=\"twitter:data1\" content=\"2 minutes\" \/>\n<!-- \/ Yoast SEO plugin. -->","yoast_head_json":{"title":"Huile s\u00e8che pour le corps et massage - Tous les parfums - Erospa","description":"L'huile corporelle s\u00e8che et massage Erospa est compos\u00e9e d'huiles de noix de coco et de chanvre con\u00e7ues pour des massages sensuels et comme huile corporelle hydratante.","robots":{"index":"index","follow":"follow","max-snippet":"max-snippet:-1","max-image-preview":"max-image-preview:large","max-video-preview":"max-video-preview:-1"},"canonical":"https:\/\/erospa.ca\/fr\/boutique\/huile-seche-corps-et-massage-erospa\/","og_locale":"fr_CA","og_type":"article","og_title":"Huile s\u00e8che pour le corps et massage - Tous les parfums - Erospa","og_description":"L'huile corporelle s\u00e8che et massage Erospa est compos\u00e9e d'huiles de noix de coco et de chanvre con\u00e7ues pour des massages sensuels et comme huile corporelle hydratante.","og_url":"https:\/\/erospa.ca\/fr\/boutique\/huile-seche-corps-et-massage-erospa\/","og_site_name":"Erospa","article_publisher":"https:\/\/www.facebook.com\/Erospa.International\/","article_modified_time":"2023-06-10T22:24:09+00:00","og_image":[{"width":1000,"height":1000,"url":"https:\/\/erospa.ca\/wp-content\/uploads\/2020\/07\/Massage-and-dry-body-oil-Erospa-variations-product-1.png","type":"image\/png"}],"twitter_misc":{"Estimation du temps de lecture":"2 minutes"},"schema":{"@context":"https:\/\/schema.org","@graph":[{"@type":"WebPage","@id":"https:\/\/erospa.ca\/fr\/boutique\/huile-seche-corps-et-massage-erospa\/","url":"https:\/\/erospa.ca\/fr\/boutique\/huile-seche-corps-et-massage-erospa\/","name":"Huile s\u00e8che pour le corps et massage - Tous les parfums - Erospa","isPartOf":{"@id":"https:\/\/erospa.ca\/fr\/#website"},"primaryImageOfPage":{"@id":"https:\/\/erospa.ca\/fr\/boutique\/huile-seche-corps-et-massage-erospa\/#primaryimage"},"image":{"@id":"https:\/\/erospa.ca\/fr\/boutique\/huile-seche-corps-et-massage-erospa\/#primaryimage"},"thumbnailUrl":"https:\/\/erospa.ca\/wp-content\/uploads\/2020\/07\/Massage-and-dry-body-oil-Erospa-variations-product-1.png","datePublished":"2020-07-31T21:15:14+00:00","dateModified":"2023-06-10T22:24:09+00:00","description":"L'huile corporelle s\u00e8che et massage Erospa est compos\u00e9e d'huiles de noix de coco et de chanvre con\u00e7ues pour des massages sensuels et comme huile corporelle hydratante.","breadcrumb":{"@id":"https:\/\/erospa.ca\/fr\/boutique\/huile-seche-corps-et-massage-erospa\/#breadcrumb"},"inLanguage":"fr-CA","potentialAction":[{"@type":"ReadAction","target":["https:\/\/erospa.ca\/fr\/boutique\/huile-seche-corps-et-massage-erospa\/"]}]},{"@type":"ImageObject","inLanguage":"fr-CA","@id":"https:\/\/erospa.ca\/fr\/boutique\/huile-seche-corps-et-massage-erospa\/#primaryimage","url":"https:\/\/erospa.ca\/wp-content\/uploads\/2020\/07\/Massage-and-dry-body-oil-Erospa-variations-product-1.png","contentUrl":"https:\/\/erospa.ca\/wp-content\/uploads\/2020\/07\/Massage-and-dry-body-oil-Erospa-variations-product-1.png","width":1000,"height":1000,"caption":"Huile s\u00e8che corps et massage Erospa produits de variations"},{"@type":"BreadcrumbList","@id":"https:\/\/erospa.ca\/fr\/boutique\/huile-seche-corps-et-massage-erospa\/#breadcrumb","itemListElement":[{"@type":"ListItem","position":1,"name":"Home","item":"https:\/\/erospa.ca\/fr\/"},{"@type":"ListItem","position":2,"name":"Boutique","item":"https:\/\/erospa.ca\/fr\/boutique\/"},{"@type":"ListItem","position":3,"name":"Huile s\u00e8che pour le corps et massage &#8211; Tous les parfums"}]},{"@type":"WebSite","@id":"https:\/\/erospa.ca\/fr\/#website","url":"https:\/\/erospa.ca\/fr\/","name":"Erospa","description":"From hot tub to the bedroom","publisher":{"@id":"https:\/\/erospa.ca\/fr\/#organization"},"potentialAction":[{"@type":"SearchAction","target":{"@type":"EntryPoint","urlTemplate":"https:\/\/erospa.ca\/fr\/?s={search_term_string}"},"query-input":{"@type":"PropertyValueSpecification","valueRequired":true,"valueName":"search_term_string"}}],"inLanguage":"fr-CA"},{"@type":"Organization","@id":"https:\/\/erospa.ca\/fr\/#organization","name":"Erospa","url":"https:\/\/erospa.ca\/fr\/","logo":{"@type":"ImageObject","inLanguage":"fr-CA","@id":"https:\/\/erospa.ca\/fr\/#\/schema\/logo\/image\/","url":"https:\/\/erospa.ca\/wp-content\/uploads\/2020\/09\/Erospa-Logo-black.png","contentUrl":"https:\/\/erospa.ca\/wp-content\/uploads\/2020\/09\/Erospa-Logo-black.png","width":216,"height":72,"caption":"Erospa"},"image":{"@id":"https:\/\/erospa.ca\/fr\/#\/schema\/logo\/image\/"},"sameAs":["https:\/\/www.facebook.com\/Erospa.International\/","https:\/\/www.instagram.com\/erospa_international\/"]}]}},"_links":{"self":[{"href":"https:\/\/erospa.ca\/fr\/wp-json\/wp\/v2\/product\/2334","targetHints":{"allow":["GET"]}}],"collection":[{"href":"https:\/\/erospa.ca\/fr\/wp-json\/wp\/v2\/product"}],"about":[{"href":"https:\/\/erospa.ca\/fr\/wp-json\/wp\/v2\/types\/product"}],"replies":[{"embeddable":true,"href":"https:\/\/erospa.ca\/fr\/wp-json\/wp\/v2\/comments?post=2334"}],"wp:featuredmedia":[{"embeddable":true,"href":"https:\/\/erospa.ca\/fr\/wp-json\/wp\/v2\/media\/2801"}],"wp:attachment":[{"href":"https:\/\/erospa.ca\/fr\/wp-json\/wp\/v2\/media?parent=2334"}],"wp:term":[{"taxonomy":"product_brand","embeddable":true,"href":"https:\/\/erospa.ca\/fr\/wp-json\/wp\/v2\/product_brand?post=2334"},{"taxonomy":"product_cat","embeddable":true,"href":"https:\/\/erospa.ca\/fr\/wp-json\/wp\/v2\/product_cat?post=2334"},{"taxonomy":"product_tag","embeddable":true,"href":"https:\/\/erospa.ca\/fr\/wp-json\/wp\/v2\/product_tag?post=2334"}],"curies":[{"name":"wp","href":"https:\/\/api.w.org\/{rel}","templated":true}]}}