{"id":3706,"date":"2020-11-15T19:29:53","date_gmt":"2020-12-11T01:56:15","guid":{"rendered":"https:\/\/erospa.ca\/product\/massage-aromatherapie-bougie-de-massage-3-en-1-tous-les-parfums\/"},"modified":"2023-06-10T22:25:57","modified_gmt":"2023-06-10T22:25:57","slug":"bougie-de-massage-3-en-1","status":"publish","type":"product","link":"https:\/\/erospa.ca\/fr\/boutique\/bougie-de-massage-3-en-1\/","title":{"rendered":"Massage aromath\u00e9rapie bougie de massage 3 en 1 &#8211; Tous les parfums"},"content":{"rendered":"<h2>Notre bougie de massage 3 en 1 peut \u00eatre utilis\u00e9e comme une bougie romantique, un hydratant pour le corps, et comme une huile de massage chaude et soyeuse. Laissez son parfum s\u00e9duisant \u00e9veiller vos sens.<\/h2>\n<p><span style=\"font-size: 16px;\">Enrichie d&#8217;extraits naturels et d&#8217;un m\u00e9lange unique de cinq huiles naturelles et de beurre corporel, la bougie de massage Erospa 3 en 1 rehaussera le frisson d&#8217;un contact amoureux.<\/span><\/p>\n<h3>FEATURES ICONS<\/h3>\n<ul>\n<li><span style=\"font-size: 16px;\">100% sans danger pour le corps.<\/span><\/li>\n<li><span style=\"font-size: 16px;\">Ne contient aucun colorant, parab\u00e8ne, huile min\u00e9rale, p\u00e9trole ou gluten.<\/span><\/li>\n<li><span style=\"font-size: 16px;\">V\u00e9gane. Convient aux peaux sensibles. Non test\u00e9 sur les animaux<\/span><\/li>\n<\/ul>\n<h3>Avantages de notre bougie de massage 3 en 1<\/h3>\n<ul>\n<li><span style=\"font-size: 16px;\">Formule ultra-hydratante et non grasse.<\/span><\/li>\n<li><span style=\"font-size: 16px;\">Enrichi d&#8217;extraits naturels et d&#8217;huiles de noix de coco, de tournesol et de carthame, ainsi que de mangue et de beurre de karit\u00e9.<\/span><\/li>\n<li><span style=\"font-size: 16px;\">Fabriqu\u00e9e sans cire, elle se liqu\u00e9fie \u00e0 basse temp\u00e9rature sans br\u00fbler la peau.<\/span><\/li>\n<\/ul>\n<h3>MODE D\u2019EMPLOI<\/h3>\n<ul>\n<li style=\"list-style-type: none;\">\n<ul>\n<li><span style=\"font-size: 16px;\"><strong>Pour utiliser comme bougie de massage<\/strong><\/span><br \/>\n<span style=\"font-size: 16px;\">Couper la m\u00e8che \u00e0 une hauteur de 5 mm (1\/4 po.) avant chaque utilisation Pour de meilleurs r\u00e9sultats, br\u00fbler la bougie pendant 30 minutes \u00c9teindre la flamme, verser d\u00e9licatement l\u2019huile dans la paume de votre main masser la peau.<\/span><\/li>\n<li><span style=\"font-size: 16px;\"><strong>Pour utiliser comme hydratant<\/strong><\/span><br \/>\n<span style=\"font-size: 16px;\">Pr\u00e9lever une petite quantit\u00e9 avec une spatule ou directement avec les doigts, puis appliquer sur les zones s\u00e8ches de la peau.<\/span><\/li>\n<\/ul>\n<\/li>\n<\/ul>\n<h5>AVERTISSEMENT<\/h5>\n<p><span style=\"font-size: 16px;\">Manipuler avec soin pour \u00e9viter tout risque d\u2019incendie. Br\u00fbler la bougie \u00e0 port\u00e9e de vue et ne jamais la laisser sans surveillance. Ne pas d\u00e9placer le contenant pendant que la bougie br\u00fble. Tenir \u00e0 l\u2019\u00e9cart des objets susceptibles de prendre feu ou des courants d\u2019air. Placer sur une surface plane et stable. Conserver hors de la port\u00e9e des enfants et des animaux Toujours \u00e9teindre la bougie avant d\u2019utiliser l\u2019huile. Ne jamais utiliser d\u2019eau pour \u00e9teindre la flamme. Utilisation r\u00e9serv\u00e9e aux adultes. Ne pas appliquer sur le visage, les l\u00e8vres ou les zones sensibles. Cesser l\u2019utilisation en cas de r\u00e9action, d\u2019irritation ou de rougeur. Si les sympt\u00f4mes persistent, consulter un professionnel de la sant\u00e9. Ne pas toucher la flamme ou la m\u00e8che chaude. Pour usage externe seulement. Ne pas avaler.<\/span><\/p>\n<h5>Information sur le produit<\/h5>\n<p><span style=\"font-size: 16px;\">Taille du conteneur: 170 g \/ 6 oz<\/span><br \/>\n<span style=\"font-size: 16px;\">Dur\u00e9e de combustion: 35 heures<\/span><\/p>\n<h5>Visiter&#8230;<\/h5>\n<ul>\n<li style=\"list-style-type: none;\">\n<ul>\n<li><span style=\"font-size: 16px;\">plus <a href=\"https:\/\/erospa.ca\/fr\/categorie-produit\/bougie-de-massage\/\">de bougies de massage 3 en 1<\/a><\/span><\/li>\n<li><span style=\"font-size: 16px;\">nos comptes <a href=\"https:\/\/www.facebook.com\/Erospa.International\/\" target=\"_blank\" rel=\"noopener noreferrer\">Facebook<\/a> et <a href=\"https:\/\/www.instagram.com\/erospa_international\/\" target=\"_blank\" rel=\"noopener noreferrer\">Instagram<\/a><\/span><\/li>\n<\/ul>\n<\/li>\n<\/ul>\n","protected":false},"excerpt":{"rendered":"<p>Notre bougie de massage 3 en 1 peut \u00eatre utilis\u00e9e comme une bougie romantique, un hydratant pour le corps, et comme une huile de massage chaude et soyeuse. Laissez son parfum s\u00e9duisant \u00e9veiller vos sens.<\/p>\n","protected":false},"featured_media":3283,"comment_status":"open","ping_status":"closed","template":"","meta":[],"product_brand":[],"product_cat":[24],"product_tag":[],"class_list":{"0":"post-3706","1":"product","2":"type-product","3":"status-publish","4":"has-post-thumbnail","6":"product_cat-boutique","8":"first","9":"instock","10":"taxable","11":"shipping-taxable","12":"product-type-grouped"},"yoast_head":"<!-- This site is optimized with the Yoast SEO plugin v27.5 - https:\/\/yoast.com\/product\/yoast-seo-wordpress\/ -->\n<title>Massage aromath\u00e9rapie bougie de massage 3 en 1 - Tous les parfums - Erospa<\/title>\n<meta name=\"description\" content=\"Notre bougie de massage 3 en 1 peut \u00eatre utilis\u00e9e comme une bougie romantique, un hydratant pour le corps, et comme une huile de massage chaude et soyeuse.\" \/>\n<meta name=\"robots\" content=\"index, follow, max-snippet:-1, max-image-preview:large, max-video-preview:-1\" \/>\n<link rel=\"canonical\" href=\"https:\/\/erospa.ca\/fr\/boutique\/bougie-de-massage-3-en-1\/\" \/>\n<meta property=\"og:locale\" content=\"fr_CA\" \/>\n<meta property=\"og:type\" content=\"article\" \/>\n<meta property=\"og:title\" content=\"Massage aromath\u00e9rapie bougie de massage 3 en 1 - Tous les parfums - Erospa\" \/>\n<meta property=\"og:description\" content=\"Notre bougie de massage 3 en 1 peut \u00eatre utilis\u00e9e comme une bougie romantique, un hydratant pour le corps, et comme une huile de massage chaude et soyeuse.\" \/>\n<meta property=\"og:url\" content=\"https:\/\/erospa.ca\/fr\/boutique\/bougie-de-massage-3-en-1\/\" \/>\n<meta property=\"og:site_name\" content=\"Erospa\" \/>\n<meta property=\"article:publisher\" content=\"https:\/\/www.facebook.com\/Erospa.International\/\" \/>\n<meta property=\"article:modified_time\" content=\"2023-06-10T22:25:57+00:00\" \/>\n<meta property=\"og:image\" content=\"https:\/\/erospa.ca\/wp-content\/uploads\/2020\/11\/Candles-Fragrance-for-Spa-Erospa-variations-product.jpg\" \/>\n\t<meta property=\"og:image:width\" content=\"1000\" \/>\n\t<meta property=\"og:image:height\" content=\"1000\" \/>\n\t<meta property=\"og:image:type\" content=\"image\/jpeg\" \/>\n<meta name=\"twitter:label1\" content=\"Estimation du temps de lecture\" \/>\n\t<meta name=\"twitter:data1\" content=\"2 minutes\" \/>\n<!-- \/ Yoast SEO plugin. -->","yoast_head_json":{"title":"Massage aromath\u00e9rapie bougie de massage 3 en 1 - Tous les parfums - Erospa","description":"Notre bougie de massage 3 en 1 peut \u00eatre utilis\u00e9e comme une bougie romantique, un hydratant pour le corps, et comme une huile de massage chaude et soyeuse.","robots":{"index":"index","follow":"follow","max-snippet":"max-snippet:-1","max-image-preview":"max-image-preview:large","max-video-preview":"max-video-preview:-1"},"canonical":"https:\/\/erospa.ca\/fr\/boutique\/bougie-de-massage-3-en-1\/","og_locale":"fr_CA","og_type":"article","og_title":"Massage aromath\u00e9rapie bougie de massage 3 en 1 - Tous les parfums - Erospa","og_description":"Notre bougie de massage 3 en 1 peut \u00eatre utilis\u00e9e comme une bougie romantique, un hydratant pour le corps, et comme une huile de massage chaude et soyeuse.","og_url":"https:\/\/erospa.ca\/fr\/boutique\/bougie-de-massage-3-en-1\/","og_site_name":"Erospa","article_publisher":"https:\/\/www.facebook.com\/Erospa.International\/","article_modified_time":"2023-06-10T22:25:57+00:00","og_image":[{"width":1000,"height":1000,"url":"https:\/\/erospa.ca\/wp-content\/uploads\/2020\/11\/Candles-Fragrance-for-Spa-Erospa-variations-product.jpg","type":"image\/jpeg"}],"twitter_misc":{"Estimation du temps de lecture":"2 minutes"},"schema":{"@context":"https:\/\/schema.org","@graph":[{"@type":"WebPage","@id":"https:\/\/erospa.ca\/fr\/boutique\/bougie-de-massage-3-en-1\/","url":"https:\/\/erospa.ca\/fr\/boutique\/bougie-de-massage-3-en-1\/","name":"Massage aromath\u00e9rapie bougie de massage 3 en 1 - Tous les parfums - Erospa","isPartOf":{"@id":"https:\/\/erospa.ca\/fr\/#website"},"primaryImageOfPage":{"@id":"https:\/\/erospa.ca\/fr\/boutique\/bougie-de-massage-3-en-1\/#primaryimage"},"image":{"@id":"https:\/\/erospa.ca\/fr\/boutique\/bougie-de-massage-3-en-1\/#primaryimage"},"thumbnailUrl":"https:\/\/erospa.ca\/wp-content\/uploads\/2020\/11\/Candles-Fragrance-for-Spa-Erospa-variations-product.jpg","datePublished":"2020-12-11T01:56:15+00:00","dateModified":"2023-06-10T22:25:57+00:00","description":"Notre bougie de massage 3 en 1 peut \u00eatre utilis\u00e9e comme une bougie romantique, un hydratant pour le corps, et comme une huile de massage chaude et soyeuse.","breadcrumb":{"@id":"https:\/\/erospa.ca\/fr\/boutique\/bougie-de-massage-3-en-1\/#breadcrumb"},"inLanguage":"fr-CA","potentialAction":[{"@type":"ReadAction","target":["https:\/\/erospa.ca\/fr\/boutique\/bougie-de-massage-3-en-1\/"]}]},{"@type":"ImageObject","inLanguage":"fr-CA","@id":"https:\/\/erospa.ca\/fr\/boutique\/bougie-de-massage-3-en-1\/#primaryimage","url":"https:\/\/erospa.ca\/wp-content\/uploads\/2020\/11\/Candles-Fragrance-for-Spa-Erospa-variations-product.jpg","contentUrl":"https:\/\/erospa.ca\/wp-content\/uploads\/2020\/11\/Candles-Fragrance-for-Spa-Erospa-variations-product.jpg","width":1000,"height":1000,"caption":"Bougies Parfum pour Spa Variations produit Erospa"},{"@type":"BreadcrumbList","@id":"https:\/\/erospa.ca\/fr\/boutique\/bougie-de-massage-3-en-1\/#breadcrumb","itemListElement":[{"@type":"ListItem","position":1,"name":"Home","item":"https:\/\/erospa.ca\/fr\/"},{"@type":"ListItem","position":2,"name":"Boutique","item":"https:\/\/erospa.ca\/fr\/boutique\/"},{"@type":"ListItem","position":3,"name":"Massage aromath\u00e9rapie bougie de massage 3 en 1 &#8211; Tous les parfums"}]},{"@type":"WebSite","@id":"https:\/\/erospa.ca\/fr\/#website","url":"https:\/\/erospa.ca\/fr\/","name":"Erospa","description":"From hot tub to the bedroom","publisher":{"@id":"https:\/\/erospa.ca\/fr\/#organization"},"potentialAction":[{"@type":"SearchAction","target":{"@type":"EntryPoint","urlTemplate":"https:\/\/erospa.ca\/fr\/?s={search_term_string}"},"query-input":{"@type":"PropertyValueSpecification","valueRequired":true,"valueName":"search_term_string"}}],"inLanguage":"fr-CA"},{"@type":"Organization","@id":"https:\/\/erospa.ca\/fr\/#organization","name":"Erospa","url":"https:\/\/erospa.ca\/fr\/","logo":{"@type":"ImageObject","inLanguage":"fr-CA","@id":"https:\/\/erospa.ca\/fr\/#\/schema\/logo\/image\/","url":"https:\/\/erospa.ca\/wp-content\/uploads\/2020\/09\/Erospa-Logo-black.png","contentUrl":"https:\/\/erospa.ca\/wp-content\/uploads\/2020\/09\/Erospa-Logo-black.png","width":216,"height":72,"caption":"Erospa"},"image":{"@id":"https:\/\/erospa.ca\/fr\/#\/schema\/logo\/image\/"},"sameAs":["https:\/\/www.facebook.com\/Erospa.International\/","https:\/\/www.instagram.com\/erospa_international\/"]}]}},"_links":{"self":[{"href":"https:\/\/erospa.ca\/fr\/wp-json\/wp\/v2\/product\/3706","targetHints":{"allow":["GET"]}}],"collection":[{"href":"https:\/\/erospa.ca\/fr\/wp-json\/wp\/v2\/product"}],"about":[{"href":"https:\/\/erospa.ca\/fr\/wp-json\/wp\/v2\/types\/product"}],"replies":[{"embeddable":true,"href":"https:\/\/erospa.ca\/fr\/wp-json\/wp\/v2\/comments?post=3706"}],"wp:featuredmedia":[{"embeddable":true,"href":"https:\/\/erospa.ca\/fr\/wp-json\/wp\/v2\/media\/3283"}],"wp:attachment":[{"href":"https:\/\/erospa.ca\/fr\/wp-json\/wp\/v2\/media?parent=3706"}],"wp:term":[{"taxonomy":"product_brand","embeddable":true,"href":"https:\/\/erospa.ca\/fr\/wp-json\/wp\/v2\/product_brand?post=3706"},{"taxonomy":"product_cat","embeddable":true,"href":"https:\/\/erospa.ca\/fr\/wp-json\/wp\/v2\/product_cat?post=3706"},{"taxonomy":"product_tag","embeddable":true,"href":"https:\/\/erospa.ca\/fr\/wp-json\/wp\/v2\/product_tag?post=3706"}],"curies":[{"name":"wp","href":"https:\/\/api.w.org\/{rel}","templated":true}]}}