{"id":4026,"date":"2020-11-14T20:35:28","date_gmt":"2021-03-24T21:15:51","guid":{"rendered":"https:\/\/erospa.ca\/product\/vaporisateur-pour-la-maison-brume-dambiance-seduction\/"},"modified":"2023-06-10T22:25:27","modified_gmt":"2023-06-10T22:25:27","slug":"vaporisateur-maison-parfum-ambiance-seduction","status":"publish","type":"product","link":"https:\/\/erospa.ca\/fr\/boutique\/vaporisateur-maison-parfum-ambiance-seduction\/","title":{"rendered":"Vaporisateur pour la maison &#8211; Parfum d\u2019ambiance &#8211; S\u00c9DUCTION"},"content":{"rendered":"<h2>Enveloppez l\u2019antre de votre amant d\u2019un parfum enivrant qui ne manquera pas de cr\u00e9er des \u00e9tincelles. Notre luxueux vaporisateur pour la maison Parfum d&#8217;ambiance rehausse le sentiment de pur bonheur avec ses qualit\u00e9s d\u2019aromath\u00e9rapie uniques.<\/h2>\n<p><span lang=\"en-US\">Le parfum d\u2019ambiance Erospa d\u00e9gage une agr\u00e9able odeur qui vient cr\u00e9er une douce harmonie entre votre humeur et votre environnement. Vivez une sensation de pur plaisir gr\u00e2ce \u00e0 ce m\u00e9lange unique d\u2019extraits naturels. D\u00e9couvrez le pur bonheur <\/span><span lang=\"en-CA\">avec ce m\u00e9lange unique d\u2019extraits naturels. <\/span><\/p>\n<h3>FEATURES ICONS<\/h3>\n<ul>\n<li><span style=\"font-size: 16px;\">Enrichi d\u2019extraits naturels s\u00e9ch\u00e9s<\/span><\/li>\n<li><span lang=\"en-CA\">100% sans colorants artificiels, sans huile min\u00e9rale, sans gluten, sans parab\u00e8nes et sans produits d\u00e9riv\u00e9s du p\u00e9trole.<\/span><\/li>\n<li><span style=\"font-size: 16px;\"><span lang=\"en-US\">V\u00e9gane. Non test\u00e9 sur les animaux<\/span>.<\/span><\/li>\n<\/ul>\n<h2><span style=\"font-size: 16px;\">Les ingr\u00e9dients cl\u00e9s de S\u00e9duction sont:<\/span><\/h2>\n<p><span style=\"font-size: 16px;\">Mandarine &#8211; Une essence fruit\u00e9e qui \u00e9veille une agr\u00e9able sensation \u00e9nergique dans l\u2019ensemble du corps.<\/span><br \/>\n<span style=\"font-size: 16px;\">Orange am\u00e8re \u2013 Relaxant pour le corps et l\u2019esprit. Rajeunissant et revitalisant pour la peau. Rajeunissant et revitalisant pour la peau.<\/span><br \/>\n<span style=\"font-size: 16px;\">Ginseng am\u00e9ricain &#8211; Accro\u00eet le flux sanguin, vivifiant ainsi l\u2019ensemble de votre corps et vous procurant une peau plus douce au toucher et d\u2019apparence plus lumineuse.<\/span><br \/>\n<span style=\"font-size: 16px;\">Aloe Vera \u2013 L&#8217;alo\u00e8s procure \u00e0 votre peau une sensation et une apparence transform\u00e9es et rajeunies, puis son parfum enivrant vous transporte dans un \u00e9tat de d\u00e9tente profonde.<\/span><br \/>\n<span style=\"font-size: 16px;\">Vitamine E &#8211; Vous faire sentir plus sexy et plus jeune avec une peau plus forte et donnant une superbe sensation sensuelle au premier contact.<\/span><\/p>\n<h3>MODE D\u2019EMPLOI<\/h3>\n<p><span lang=\"en-US\">Retirer le couvercle et ins\u00e9rer le pulv\u00e9risateur avant la premi\u00e8re utilisation \u2022 Tenir la bouteille \u00e0 la verticale et pulv\u00e9riser dans l\u2019air \u00e0 volont\u00e9.<\/span><\/p>\n<p><span style=\"font-size: 16px;\">Consultez notre page <a href=\"https:\/\/erospa.ca\/fr\/a-propos-erospa\/comment-utiliser-les-produits-erospa\/\">comment utiliser les produits Erospa<\/a> pour obtenir des instructions d\u00e9taill\u00e9es.<\/span><\/p>\n<h3>Ingr\u00e9dients<\/h3>\n<p><span lang=\"en-US\">Aqua (Water), Alcohol Denat., Polysorbate 80, Aloe Barbadensis (Aloe Vera) Leaf Juice, Panax Quinquefolius (Ginseng) Extract, Citrus Nobilis (Mandarin Orange) Oil, Citrus Aurantium Amara (Orange) Peel Oil, Tocopheryl Acetate, Ascorbic Acid, Parfum\/Fragrance<\/span><\/p>\n<h5>AVERTISSEMENT<\/h5>\n<p><span lang=\"en-US\">Pour usage topique seulement \u2022 Conserver dans un endroit frais et sec, hors de la port\u00e9e des enfants et des animaux \u2022 Ne pas ing\u00e9rer \u2022 En cas d\u2019ingestion, communiquer imm\u00e9diatement avec un centre antipoison \u2022 <\/span><span lang=\"en-CA\">\u00c9viter tout contact avec les yeux. <\/span><span lang=\"en-US\">\u2022 <\/span><span lang=\"en-CA\">En cas de contact avec les yeux, rincer abondamment \u00e0 l\u2019eau et consulter un professionnel de la sant\u00e9 si l\u2019irritation persiste <\/span><span lang=\"en-US\">\u2022 <\/span><span lang=\"en-CA\">Nettoyer imm\u00e9diatement tout d\u00e9versement pour pr\u00e9venir les chutes en raison de surfaces glissantes <\/span><span lang=\"en-US\">\u2022 <\/span><span lang=\"en-CA\">Fermer le couvercle et placer en position verticale pour pr\u00e9venir les fuites <\/span><span lang=\"en-US\">\u2022 Inflammable \u2022 Ne pas utiliser pr\u00e8s d\u2019une source de chaleur, pr\u00e8s d\u2019une flamme ou en fumant.<\/span><\/p>\n<h5>Information sur le produit<\/h5>\n<p><span style=\"font-size: 16px;\">Taille du contenant 100 ml \/ 3.4 fl. oz<\/span><\/p>\n<h5>Visiter&#8230;<\/h5>\n<ul>\n<li><span style=\"font-size: 16px;\">autres fragrances de notre <a href=\"https:\/\/erospa.ca\/product-category\/i-am-looking-for\/ambiance-room-spray\/\">parfum d\u2019ambiance<\/a><\/span><\/li>\n<li><span style=\"font-size: 16px;\">nos comptes <a href=\"https:\/\/www.facebook.com\/Erospa.International\/\" target=\"_blank\" rel=\"noopener noreferrer\">Facebook<\/a> et <a href=\"https:\/\/www.instagram.com\/erospa_international\/\" target=\"_blank\" rel=\"noopener noreferrer\">Instagram<\/a><\/span><\/li>\n<\/ul>\n","protected":false},"excerpt":{"rendered":"<p>Enveloppez l\u2019antre de votre amant d\u2019un parfum enivrant qui ne manquera pas de cr\u00e9er des \u00e9tincelles. Notre luxueux vaporisateur pour la maison Parfum d&#8217;ambiance rehausse le sentiment de pur bonheur avec ses qualit\u00e9s d\u2019aromath\u00e9rapie uniques.<\/p>\n","protected":false},"featured_media":3307,"comment_status":"open","ping_status":"closed","template":"","meta":[],"product_brand":[],"product_cat":[131,150,135,138],"product_tag":[],"class_list":{"0":"post-4026","1":"product","2":"type-product","3":"status-publish","4":"has-post-thumbnail","6":"product_cat-fragrances-fr","7":"product_cat-mettre-lambiance","8":"product_cat-seduction-fr","9":"product_cat-vaporisateur-pour-la-maison","11":"first","12":"instock","13":"taxable","14":"shipping-taxable","15":"purchasable","16":"product-type-simple"},"yoast_head":"<!-- This site is optimized with the Yoast SEO plugin v27.5 - https:\/\/yoast.com\/product\/yoast-seo-wordpress\/ -->\n<title>Vaporisateur pour la maison - Parfum d\u2019ambiance - S\u00c9DUCTION - Erospa<\/title>\n<meta name=\"description\" content=\"Enveloppez l\u2019antre de votre amant d\u2019un parfum enivrant qui ne manquera pas de cr\u00e9er des \u00e9tincelles. Notre luxueux vaporisateur pour la maison Parfum d\u2019ambiance S\u00e9duction rehausse le sentiment de pur bonheur avec ses qualit\u00e9s d\u2019aromath\u00e9rapie uniques.\" \/>\n<meta name=\"robots\" content=\"index, follow, max-snippet:-1, max-image-preview:large, max-video-preview:-1\" \/>\n<link rel=\"canonical\" href=\"https:\/\/erospa.ca\/fr\/boutique\/vaporisateur-maison-parfum-ambiance-seduction\/\" \/>\n<meta property=\"og:locale\" content=\"fr_CA\" \/>\n<meta property=\"og:type\" content=\"article\" \/>\n<meta property=\"og:title\" content=\"Vaporisateur pour la maison - Parfum d\u2019ambiance - S\u00c9DUCTION - Erospa\" \/>\n<meta property=\"og:description\" content=\"Enveloppez l\u2019antre de votre amant d\u2019un parfum enivrant qui ne manquera pas de cr\u00e9er des \u00e9tincelles. Notre luxueux vaporisateur pour la maison Parfum d\u2019ambiance S\u00e9duction rehausse le sentiment de pur bonheur avec ses qualit\u00e9s d\u2019aromath\u00e9rapie uniques.\" \/>\n<meta property=\"og:url\" content=\"https:\/\/erospa.ca\/fr\/boutique\/vaporisateur-maison-parfum-ambiance-seduction\/\" \/>\n<meta property=\"og:site_name\" content=\"Erospa\" \/>\n<meta property=\"article:publisher\" content=\"https:\/\/www.facebook.com\/Erospa.International\/\" \/>\n<meta property=\"article:modified_time\" content=\"2023-06-10T22:25:27+00:00\" \/>\n<meta property=\"og:image\" content=\"https:\/\/erospa.ca\/wp-content\/uploads\/2020\/11\/vaporisateur-parfum-dambiance-seduction-produit.png\" \/>\n\t<meta property=\"og:image:width\" content=\"1000\" \/>\n\t<meta property=\"og:image:height\" content=\"1000\" \/>\n\t<meta property=\"og:image:type\" content=\"image\/png\" \/>\n<meta name=\"twitter:label1\" content=\"Estimation du temps de lecture\" \/>\n\t<meta name=\"twitter:data1\" content=\"2 minutes\" \/>\n<!-- \/ Yoast SEO plugin. -->","yoast_head_json":{"title":"Vaporisateur pour la maison - Parfum d\u2019ambiance - S\u00c9DUCTION - Erospa","description":"Enveloppez l\u2019antre de votre amant d\u2019un parfum enivrant qui ne manquera pas de cr\u00e9er des \u00e9tincelles. Notre luxueux vaporisateur pour la maison Parfum d\u2019ambiance S\u00e9duction rehausse le sentiment de pur bonheur avec ses qualit\u00e9s d\u2019aromath\u00e9rapie uniques.","robots":{"index":"index","follow":"follow","max-snippet":"max-snippet:-1","max-image-preview":"max-image-preview:large","max-video-preview":"max-video-preview:-1"},"canonical":"https:\/\/erospa.ca\/fr\/boutique\/vaporisateur-maison-parfum-ambiance-seduction\/","og_locale":"fr_CA","og_type":"article","og_title":"Vaporisateur pour la maison - Parfum d\u2019ambiance - S\u00c9DUCTION - Erospa","og_description":"Enveloppez l\u2019antre de votre amant d\u2019un parfum enivrant qui ne manquera pas de cr\u00e9er des \u00e9tincelles. Notre luxueux vaporisateur pour la maison Parfum d\u2019ambiance S\u00e9duction rehausse le sentiment de pur bonheur avec ses qualit\u00e9s d\u2019aromath\u00e9rapie uniques.","og_url":"https:\/\/erospa.ca\/fr\/boutique\/vaporisateur-maison-parfum-ambiance-seduction\/","og_site_name":"Erospa","article_publisher":"https:\/\/www.facebook.com\/Erospa.International\/","article_modified_time":"2023-06-10T22:25:27+00:00","og_image":[{"width":1000,"height":1000,"url":"https:\/\/erospa.ca\/wp-content\/uploads\/2020\/11\/vaporisateur-parfum-dambiance-seduction-produit.png","type":"image\/png"}],"twitter_misc":{"Estimation du temps de lecture":"2 minutes"},"schema":{"@context":"https:\/\/schema.org","@graph":[{"@type":"WebPage","@id":"https:\/\/erospa.ca\/fr\/boutique\/vaporisateur-maison-parfum-ambiance-seduction\/","url":"https:\/\/erospa.ca\/fr\/boutique\/vaporisateur-maison-parfum-ambiance-seduction\/","name":"Vaporisateur pour la maison - Parfum d\u2019ambiance - S\u00c9DUCTION - Erospa","isPartOf":{"@id":"https:\/\/erospa.ca\/fr\/#website"},"primaryImageOfPage":{"@id":"https:\/\/erospa.ca\/fr\/boutique\/vaporisateur-maison-parfum-ambiance-seduction\/#primaryimage"},"image":{"@id":"https:\/\/erospa.ca\/fr\/boutique\/vaporisateur-maison-parfum-ambiance-seduction\/#primaryimage"},"thumbnailUrl":"https:\/\/erospa.ca\/wp-content\/uploads\/2020\/11\/vaporisateur-parfum-dambiance-seduction-produit.png","datePublished":"2021-03-24T21:15:51+00:00","dateModified":"2023-06-10T22:25:27+00:00","description":"Enveloppez l\u2019antre de votre amant d\u2019un parfum enivrant qui ne manquera pas de cr\u00e9er des \u00e9tincelles. Notre luxueux vaporisateur pour la maison Parfum d\u2019ambiance S\u00e9duction rehausse le sentiment de pur bonheur avec ses qualit\u00e9s d\u2019aromath\u00e9rapie uniques.","breadcrumb":{"@id":"https:\/\/erospa.ca\/fr\/boutique\/vaporisateur-maison-parfum-ambiance-seduction\/#breadcrumb"},"inLanguage":"fr-CA","potentialAction":[{"@type":"ReadAction","target":["https:\/\/erospa.ca\/fr\/boutique\/vaporisateur-maison-parfum-ambiance-seduction\/"]}]},{"@type":"ImageObject","inLanguage":"fr-CA","@id":"https:\/\/erospa.ca\/fr\/boutique\/vaporisateur-maison-parfum-ambiance-seduction\/#primaryimage","url":"https:\/\/erospa.ca\/wp-content\/uploads\/2020\/11\/vaporisateur-parfum-dambiance-seduction-produit.png","contentUrl":"https:\/\/erospa.ca\/wp-content\/uploads\/2020\/11\/vaporisateur-parfum-dambiance-seduction-produit.png","width":1000,"height":1000,"caption":"Vaporisateur Parfum d'ambiance Erospa Seduction"},{"@type":"BreadcrumbList","@id":"https:\/\/erospa.ca\/fr\/boutique\/vaporisateur-maison-parfum-ambiance-seduction\/#breadcrumb","itemListElement":[{"@type":"ListItem","position":1,"name":"Home","item":"https:\/\/erospa.ca\/fr\/"},{"@type":"ListItem","position":2,"name":"Boutique","item":"https:\/\/erospa.ca\/fr\/boutique\/"},{"@type":"ListItem","position":3,"name":"Vaporisateur pour la maison &#8211; Parfum d\u2019ambiance &#8211; S\u00c9DUCTION"}]},{"@type":"WebSite","@id":"https:\/\/erospa.ca\/fr\/#website","url":"https:\/\/erospa.ca\/fr\/","name":"Erospa","description":"From hot tub to the bedroom","publisher":{"@id":"https:\/\/erospa.ca\/fr\/#organization"},"potentialAction":[{"@type":"SearchAction","target":{"@type":"EntryPoint","urlTemplate":"https:\/\/erospa.ca\/fr\/?s={search_term_string}"},"query-input":{"@type":"PropertyValueSpecification","valueRequired":true,"valueName":"search_term_string"}}],"inLanguage":"fr-CA"},{"@type":"Organization","@id":"https:\/\/erospa.ca\/fr\/#organization","name":"Erospa","url":"https:\/\/erospa.ca\/fr\/","logo":{"@type":"ImageObject","inLanguage":"fr-CA","@id":"https:\/\/erospa.ca\/fr\/#\/schema\/logo\/image\/","url":"https:\/\/erospa.ca\/wp-content\/uploads\/2020\/09\/Erospa-Logo-black.png","contentUrl":"https:\/\/erospa.ca\/wp-content\/uploads\/2020\/09\/Erospa-Logo-black.png","width":216,"height":72,"caption":"Erospa"},"image":{"@id":"https:\/\/erospa.ca\/fr\/#\/schema\/logo\/image\/"},"sameAs":["https:\/\/www.facebook.com\/Erospa.International\/","https:\/\/www.instagram.com\/erospa_international\/"]}]}},"_links":{"self":[{"href":"https:\/\/erospa.ca\/fr\/wp-json\/wp\/v2\/product\/4026","targetHints":{"allow":["GET"]}}],"collection":[{"href":"https:\/\/erospa.ca\/fr\/wp-json\/wp\/v2\/product"}],"about":[{"href":"https:\/\/erospa.ca\/fr\/wp-json\/wp\/v2\/types\/product"}],"replies":[{"embeddable":true,"href":"https:\/\/erospa.ca\/fr\/wp-json\/wp\/v2\/comments?post=4026"}],"wp:featuredmedia":[{"embeddable":true,"href":"https:\/\/erospa.ca\/fr\/wp-json\/wp\/v2\/media\/3307"}],"wp:attachment":[{"href":"https:\/\/erospa.ca\/fr\/wp-json\/wp\/v2\/media?parent=4026"}],"wp:term":[{"taxonomy":"product_brand","embeddable":true,"href":"https:\/\/erospa.ca\/fr\/wp-json\/wp\/v2\/product_brand?post=4026"},{"taxonomy":"product_cat","embeddable":true,"href":"https:\/\/erospa.ca\/fr\/wp-json\/wp\/v2\/product_cat?post=4026"},{"taxonomy":"product_tag","embeddable":true,"href":"https:\/\/erospa.ca\/fr\/wp-json\/wp\/v2\/product_tag?post=4026"}],"curies":[{"name":"wp","href":"https:\/\/api.w.org\/{rel}","templated":true}]}}