{"id":4523,"date":"2020-11-15T19:02:17","date_gmt":"2021-08-29T17:13:32","guid":{"rendered":"https:\/\/erospa.ca\/shop\/brume-parfumee-corporelle-homme-et-femme-tous-les-parfums\/"},"modified":"2023-01-06T06:19:32","modified_gmt":"2023-01-06T06:19:32","slug":"brume-parfumee-pour-le-corps","status":"publish","type":"product","link":"https:\/\/erospa.ca\/fr\/boutique\/brume-parfumee-pour-le-corps\/","title":{"rendered":"Brume Parfum\u00e9e Corporelle Homme et Femme &#8211; Tous les Parfums"},"content":{"rendered":"<h2>Con\u00e7u pour accentuer vos moments de plaisir, ce vaporisateur de brume parfum\u00e9e pour le corps aromath\u00e9rapeutique vous garde une odeur sexy et irr\u00e9sistible. Enrichi d&#8217;extraits naturels, vivez une exp\u00e9rience des plus m\u00e9morables.<\/h2>\n<p><span style=\"font-size: 16px;\">Pratique et facile \u00e0 glisser dans un sac, emmenez notre brume corporelle Erospa partout pour rafra\u00eechir votre peau des odeurs ind\u00e9sirables du quotidien.<\/span><\/p>\n<h3>FEATURES ICONS<\/h3>\n<ul>\n<li><span style=\"font-size: 16px;\">100% sans danger pour le corps.<\/span><\/li>\n<li><span style=\"font-size: 16px;\">Ne contient aucun colorant, parab\u00e8ne, huile min\u00e9rale, p\u00e9trole ou gluten.<\/span><\/li>\n<li><span style=\"font-size: 16px;\">V\u00e9gane. Convient aux peaux sensibles. Non test\u00e9 sur les animaux<\/span><\/li>\n<\/ul>\n<h3>MODE D\u2019EMPLOI<\/h3>\n<p><span style=\"font-size: 16px;\">Vaporisez sur tout votre corps juste apr\u00e8s la douche ou le spa, ou pour vous rafra\u00eechir \u00e0 tout moment de la journ\u00e9e&#8230; et la nuit.<\/span><\/p>\n<p><span style=\"font-size: 16px;\">Consultez notre page <a href=\"https:\/\/erospa.ca\/fr\/a-propos-erospa\/comment-utiliser-les-produits-erospa\/\">comment utiliser les produits Erospa<\/a> pour obtenir des instructions d\u00e9taill\u00e9es.<\/span><\/p>\n<h5>AVERTISSEMENT<\/h5>\n<p><span style=\"font-size: 16px;\">Inflammable. Ne pas utiliser pr\u00e8s de la chaleur, des flammes ou en fumant. Pour usage externe seulement. \u00c9viter le contact avec les yeux ou les muqueuses. En cas de contact, rincer abondamment \u00e0 l&#8217;eau. Ne pas utiliser sur une peau irrit\u00e9e ou \u00e9rafl\u00e9e. En cas d&#8217;irritation, arr\u00eatez l&#8217;utilisation et consultez votre m\u00e9decin. Ne pas ing\u00e9rer. Tenir hors de port\u00e9e des enfants.<\/span><\/p>\n<h5>Information sur le produit<\/h5>\n<p><span style=\"font-size: 16px;\">Taille du contenant 100 ml \/ 3.4 fl. oz<\/span><\/p>\n<h5>Visiter&#8230;<\/h5>\n<ul>\n<li><span style=\"font-size: 16px;\">plus de<a href=\"https:\/\/erospa.ca\/product-category\/i-am-looking-for\/body-fragrance-mist\/\">Brume parfum\u00e9e pour le corps<\/a><\/span><\/li>\n<li><span style=\"font-size: 16px;\">nos comptes <a href=\"https:\/\/www.facebook.com\/Erospa.International\/\" target=\"_blank\" rel=\"noopener noreferrer\">Facebook<\/a> et <a href=\"https:\/\/www.instagram.com\/erospa_international\/\" target=\"_blank\" rel=\"noopener noreferrer\">Instagram<\/a><\/span><\/li>\n<\/ul>\n","protected":false},"excerpt":{"rendered":"<p>Con\u00e7u pour accentuer vos moments de plaisir, ce vaporisateur de brume parfum\u00e9e pour le corps aromath\u00e9rapeutique vous garde une odeur sexy et irr\u00e9sistible.<\/p>\n","protected":false},"featured_media":3295,"comment_status":"open","ping_status":"closed","template":"","meta":[],"product_brand":[],"product_cat":[24],"product_tag":[],"class_list":{"0":"post-4523","1":"product","2":"type-product","3":"status-publish","4":"has-post-thumbnail","6":"product_cat-boutique","8":"first","9":"instock","10":"taxable","11":"shipping-taxable","12":"product-type-grouped"},"yoast_head":"<!-- This site is optimized with the Yoast SEO plugin v27.4 - https:\/\/yoast.com\/product\/yoast-seo-wordpress\/ -->\n<title>Brume Parfum\u00e9e Corporelle Homme et Femme - Tous les Parfums - Erospa<\/title>\n<meta name=\"description\" content=\"Con\u00e7u pour accentuer vos moments de plaisir, ce vaporisateur de brume parfum\u00e9e pour le corps aromath\u00e9rapeutique vous garde une odeur sexy et irr\u00e9sistible.\" \/>\n<meta name=\"robots\" content=\"index, follow, max-snippet:-1, max-image-preview:large, max-video-preview:-1\" \/>\n<link rel=\"canonical\" href=\"https:\/\/erospa.ca\/fr\/boutique\/brume-parfumee-pour-le-corps\/\" \/>\n<meta property=\"og:locale\" content=\"fr_CA\" \/>\n<meta property=\"og:type\" content=\"article\" \/>\n<meta property=\"og:title\" content=\"Brume Parfum\u00e9e Corporelle Homme et Femme - Tous les Parfums - Erospa\" \/>\n<meta property=\"og:description\" content=\"Con\u00e7u pour accentuer vos moments de plaisir, ce vaporisateur de brume parfum\u00e9e pour le corps aromath\u00e9rapeutique vous garde une odeur sexy et irr\u00e9sistible.\" \/>\n<meta property=\"og:url\" content=\"https:\/\/erospa.ca\/fr\/boutique\/brume-parfumee-pour-le-corps\/\" \/>\n<meta property=\"og:site_name\" content=\"Erospa\" \/>\n<meta property=\"article:publisher\" content=\"https:\/\/www.facebook.com\/Erospa.International\/\" \/>\n<meta property=\"article:modified_time\" content=\"2023-01-06T06:19:32+00:00\" \/>\n<meta property=\"og:image\" content=\"https:\/\/erospa.ca\/wp-content\/uploads\/2020\/11\/Bod-Fragrance-Mist-for-Spa-Erospa-variations-product.jpg\" \/>\n\t<meta property=\"og:image:width\" content=\"1000\" \/>\n\t<meta property=\"og:image:height\" content=\"1000\" \/>\n\t<meta property=\"og:image:type\" content=\"image\/jpeg\" \/>\n<meta name=\"twitter:label1\" content=\"Estimation du temps de lecture\" \/>\n\t<meta name=\"twitter:data1\" content=\"1 minute\" \/>\n<!-- \/ Yoast SEO plugin. -->","yoast_head_json":{"title":"Brume Parfum\u00e9e Corporelle Homme et Femme - Tous les Parfums - Erospa","description":"Con\u00e7u pour accentuer vos moments de plaisir, ce vaporisateur de brume parfum\u00e9e pour le corps aromath\u00e9rapeutique vous garde une odeur sexy et irr\u00e9sistible.","robots":{"index":"index","follow":"follow","max-snippet":"max-snippet:-1","max-image-preview":"max-image-preview:large","max-video-preview":"max-video-preview:-1"},"canonical":"https:\/\/erospa.ca\/fr\/boutique\/brume-parfumee-pour-le-corps\/","og_locale":"fr_CA","og_type":"article","og_title":"Brume Parfum\u00e9e Corporelle Homme et Femme - Tous les Parfums - Erospa","og_description":"Con\u00e7u pour accentuer vos moments de plaisir, ce vaporisateur de brume parfum\u00e9e pour le corps aromath\u00e9rapeutique vous garde une odeur sexy et irr\u00e9sistible.","og_url":"https:\/\/erospa.ca\/fr\/boutique\/brume-parfumee-pour-le-corps\/","og_site_name":"Erospa","article_publisher":"https:\/\/www.facebook.com\/Erospa.International\/","article_modified_time":"2023-01-06T06:19:32+00:00","og_image":[{"width":1000,"height":1000,"url":"https:\/\/erospa.ca\/wp-content\/uploads\/2020\/11\/Bod-Fragrance-Mist-for-Spa-Erospa-variations-product.jpg","type":"image\/jpeg"}],"twitter_misc":{"Estimation du temps de lecture":"1 minute"},"schema":{"@context":"https:\/\/schema.org","@graph":[{"@type":"WebPage","@id":"https:\/\/erospa.ca\/fr\/boutique\/brume-parfumee-pour-le-corps\/","url":"https:\/\/erospa.ca\/fr\/boutique\/brume-parfumee-pour-le-corps\/","name":"Brume Parfum\u00e9e Corporelle Homme et Femme - Tous les Parfums - Erospa","isPartOf":{"@id":"https:\/\/erospa.ca\/fr\/#website"},"primaryImageOfPage":{"@id":"https:\/\/erospa.ca\/fr\/boutique\/brume-parfumee-pour-le-corps\/#primaryimage"},"image":{"@id":"https:\/\/erospa.ca\/fr\/boutique\/brume-parfumee-pour-le-corps\/#primaryimage"},"thumbnailUrl":"https:\/\/erospa.ca\/wp-content\/uploads\/2020\/11\/Bod-Fragrance-Mist-for-Spa-Erospa-variations-product.jpg","datePublished":"2021-08-29T17:13:32+00:00","dateModified":"2023-01-06T06:19:32+00:00","description":"Con\u00e7u pour accentuer vos moments de plaisir, ce vaporisateur de brume parfum\u00e9e pour le corps aromath\u00e9rapeutique vous garde une odeur sexy et irr\u00e9sistible.","breadcrumb":{"@id":"https:\/\/erospa.ca\/fr\/boutique\/brume-parfumee-pour-le-corps\/#breadcrumb"},"inLanguage":"fr-CA","potentialAction":[{"@type":"ReadAction","target":["https:\/\/erospa.ca\/fr\/boutique\/brume-parfumee-pour-le-corps\/"]}]},{"@type":"ImageObject","inLanguage":"fr-CA","@id":"https:\/\/erospa.ca\/fr\/boutique\/brume-parfumee-pour-le-corps\/#primaryimage","url":"https:\/\/erospa.ca\/wp-content\/uploads\/2020\/11\/Bod-Fragrance-Mist-for-Spa-Erospa-variations-product.jpg","contentUrl":"https:\/\/erospa.ca\/wp-content\/uploads\/2020\/11\/Bod-Fragrance-Mist-for-Spa-Erospa-variations-product.jpg","width":1000,"height":1000,"caption":"Erospa Fragrance Mist"},{"@type":"BreadcrumbList","@id":"https:\/\/erospa.ca\/fr\/boutique\/brume-parfumee-pour-le-corps\/#breadcrumb","itemListElement":[{"@type":"ListItem","position":1,"name":"Home","item":"https:\/\/erospa.ca\/fr\/"},{"@type":"ListItem","position":2,"name":"Boutique","item":"https:\/\/erospa.ca\/fr\/boutique\/"},{"@type":"ListItem","position":3,"name":"Brume Parfum\u00e9e Corporelle Homme et Femme &#8211; Tous les Parfums"}]},{"@type":"WebSite","@id":"https:\/\/erospa.ca\/fr\/#website","url":"https:\/\/erospa.ca\/fr\/","name":"Erospa","description":"From hot tub to the bedroom","publisher":{"@id":"https:\/\/erospa.ca\/fr\/#organization"},"potentialAction":[{"@type":"SearchAction","target":{"@type":"EntryPoint","urlTemplate":"https:\/\/erospa.ca\/fr\/?s={search_term_string}"},"query-input":{"@type":"PropertyValueSpecification","valueRequired":true,"valueName":"search_term_string"}}],"inLanguage":"fr-CA"},{"@type":"Organization","@id":"https:\/\/erospa.ca\/fr\/#organization","name":"Erospa","url":"https:\/\/erospa.ca\/fr\/","logo":{"@type":"ImageObject","inLanguage":"fr-CA","@id":"https:\/\/erospa.ca\/fr\/#\/schema\/logo\/image\/","url":"https:\/\/erospa.ca\/wp-content\/uploads\/2020\/09\/Erospa-Logo-black.png","contentUrl":"https:\/\/erospa.ca\/wp-content\/uploads\/2020\/09\/Erospa-Logo-black.png","width":216,"height":72,"caption":"Erospa"},"image":{"@id":"https:\/\/erospa.ca\/fr\/#\/schema\/logo\/image\/"},"sameAs":["https:\/\/www.facebook.com\/Erospa.International\/","https:\/\/www.instagram.com\/erospa_international\/"]}]}},"_links":{"self":[{"href":"https:\/\/erospa.ca\/fr\/wp-json\/wp\/v2\/product\/4523","targetHints":{"allow":["GET"]}}],"collection":[{"href":"https:\/\/erospa.ca\/fr\/wp-json\/wp\/v2\/product"}],"about":[{"href":"https:\/\/erospa.ca\/fr\/wp-json\/wp\/v2\/types\/product"}],"replies":[{"embeddable":true,"href":"https:\/\/erospa.ca\/fr\/wp-json\/wp\/v2\/comments?post=4523"}],"wp:featuredmedia":[{"embeddable":true,"href":"https:\/\/erospa.ca\/fr\/wp-json\/wp\/v2\/media\/3295"}],"wp:attachment":[{"href":"https:\/\/erospa.ca\/fr\/wp-json\/wp\/v2\/media?parent=4523"}],"wp:term":[{"taxonomy":"product_brand","embeddable":true,"href":"https:\/\/erospa.ca\/fr\/wp-json\/wp\/v2\/product_brand?post=4523"},{"taxonomy":"product_cat","embeddable":true,"href":"https:\/\/erospa.ca\/fr\/wp-json\/wp\/v2\/product_cat?post=4523"},{"taxonomy":"product_tag","embeddable":true,"href":"https:\/\/erospa.ca\/fr\/wp-json\/wp\/v2\/product_tag?post=4523"}],"curies":[{"name":"wp","href":"https:\/\/api.w.org\/{rel}","templated":true}]}}