{"id":4934,"date":"2020-07-10T01:09:44","date_gmt":"2022-05-18T18:52:47","guid":{"rendered":"https:\/\/erospa.ca\/shop\/cristaux-parfumes-de-spa-et-de-bain-a-remous-pour-aromatherapie-attraction\/"},"modified":"2023-06-10T22:21:04","modified_gmt":"2023-06-10T22:21:04","slug":"cristaux-parfumes-de-spa-et-de-bain-a-remous-pour-aromatherapie-attraction","status":"publish","type":"product","link":"https:\/\/erospa.ca\/fr\/boutique\/cristaux-parfumes-de-spa-et-de-bain-a-remous-pour-aromatherapie-attraction\/","title":{"rendered":"Cristaux parfum\u00e9s de spa et de bain \u00e0 remous pour aromath\u00e9rapie \u2013 ATTRACTION"},"content":{"rendered":"<h2>Transformez votre exp\u00e9rience de spa gr\u00e2ce aux cristaux de sel d\u2019Epsom Attraction qui cr\u00e9ent une brume envo\u00fbtante o\u00f9 vos fantasmes deviendront r\u00e9alit\u00e9. o\u00f9 vos fantasmes deviendront r\u00e9alit\u00e9.<\/h2>\n<p>Les sels d\u2019Epsom d\u00e9toxifient votre corps tout en vous sentant incroyablement d\u00e9tendu, vivifi\u00e9 et pr\u00eat \u00e0 tout. Les cristaux parfum\u00e9s pour le spa conviennent \u00e9galement aux bains r\u00e9guliers et aux bains de pieds.<\/p>\n<h3>FEATURES ICONS<\/h3>\n<ul>\n<li>100% sans danger pour le corps.<\/li>\n<li>Ne contient aucun colorant, parab\u00e8ne, huile min\u00e9rale, p\u00e9trole ou gluten.<\/li>\n<li>V\u00e9gane. Convient aux peaux sensibles. Non test\u00e9 sur les animaux<\/li>\n<\/ul>\n<h3>Bienfaits de nos cristaux parfum\u00e9e pour spa et bain \u00e0 remous<\/h3>\n<ul>\n<li>Permet au sang de circuler dans tout le corps.<\/li>\n<li>Revitaliser et am\u00e9liorer l&#8217;apparence et les sensations de votre peau.<\/li>\n<li>Pour des exp\u00e9riences plus longues et plus agr\u00e9ables.<\/li>\n<\/ul>\n<h3>Les ingr\u00e9dients cl\u00e9s d&#8217;Attraction sont:<\/h3>\n<p>Ginseng &#8211; Aide le corps \u00e0 g\u00e9rer le stress et cr\u00e9e un effet vivifiant qui permet d&#8217;accro\u00eetre la performance<br \/>\nGen\u00e9vrier &#8211; Favorise la gu\u00e9rison et apporte une sensation apaisante pour une peau s\u00e9duisante et irr\u00e9sistible au toucher.<br \/>\nCitronnelle &#8211; Un parfum frais, citronn\u00e9, doux qui est \u00e9nergisant \u00e0 la fois pour l&#8217;esprit et le corps.<br \/>\nVitamine E &#8211; Vous faire sentir plus sexy et plus jeune avec une peau plus forte et donnant une superbe sensation sensuelle au premier contact.<\/p>\n<h3>MODE D\u2019EMPLOI<\/h3>\n<ul>\n<li><strong>Pour les spas et les bains \u00e0 remous<\/strong><br \/>\nVersez 1 \u00e0 2 bouchons de parfum liquide pour environ tous les 500 gallons d\u2019eau.<\/li>\n<li><strong>Pour baignoires et bains tourbillons<\/strong><br \/>\nVersez 1\/2 \u00e0 1 bouchon directement dans l\u2019eau.<\/li>\n<li><strong>Pour les bains de pieds<\/strong><br \/>\nVerser 1\/2 \u00e0 1 cuill\u00e8re \u00e0 soupe<\/li>\n<\/ul>\n<p>Consultez notre page <a href=\"https:\/\/erospa.ca\/fr\/a-propos-erospa\/comment-utiliser-les-produits-erospa\/\">comment utiliser les produits Erospa<\/a> pour obtenir des instructions d\u00e9taill\u00e9es.<\/p>\n<h3>Ingr\u00e9dients<\/h3>\n<p>Magnesium Sulfate, Sodium Chloride, Parfum, Tapioca Starch, Panax Ginseng Root Extract, Juniperus Communis (Juniper Berry) Fruit Extract, Cymbopogon Schoenanthus (Lemongrass) Extract, Tocopheryl Acetate (Vitamin E), Ascorbic Acid (Vitamin C).<\/p>\n<h5>AVERTISSEMENT<\/h5>\n<p>Ce produit est sp\u00e9cialement con\u00e7u pour les bains \u00e0 remous et les bains \u00e0 jets. Il est sans danger pour les filtres, les jets et les conduits, et il n\u2019a aucun effet sur le pH et la composition chimique de l\u2019eau. Conserver hors de la port\u00e9e des enfants et des animaux Pour usage externe seulement. Non test\u00e9 sur les animaux Conserver \u00e0 l\u2019abri de la lumi\u00e8re, \u00e0 une temp\u00e9rature inf\u00e9rieure \u00e0 35 \u00b0C \/ 95 \u00b0F<\/p>\n<h5>Information sur le produit<\/h5>\n<p>Taille du r\u00e9cipient: 385 g \/ 13 oz<\/p>\n<h5>Visiter&#8230;<\/h5>\n<ul>\n<li>pour voir plus de <a href=\"https:\/\/erospa.ca\/product-category\/i-am-looking-for\/fragrance-crystals-spa\/\">cristaux parfum\u00e9s<\/a> <\/li>\n<li>nos comptes <a href=\"https:\/\/www.facebook.com\/Erospa.International\/\" target=\"_blank\" rel=\"noopener noreferrer\">Facebook<\/a> et <a href=\"https:\/\/www.instagram.com\/erospa_international\/\" target=\"_blank\" rel=\"noopener noreferrer\">Instagram<\/a><\/li>\n<\/ul>\n","protected":false},"excerpt":{"rendered":"<p>Transformez votre exp\u00e9rience de spa gr\u00e2ce aux cristaux de sel d\u2019Epsom Attraction qui cr\u00e9ent une brume envo\u00fbtante o\u00f9 vos fantasmes deviendront r\u00e9alit\u00e9.<\/p>\n","protected":false},"featured_media":1954,"comment_status":"open","ping_status":"closed","template":"","meta":[],"product_brand":[],"product_cat":[132,143,148],"product_tag":[],"class_list":{"0":"post-4934","1":"product","2":"type-product","3":"status-publish","4":"has-post-thumbnail","6":"product_cat-attraction-fr","7":"product_cat-cristaux-parfumes-spa","8":"product_cat-pour-le-spa","10":"first","11":"instock","12":"taxable","13":"shipping-taxable","14":"purchasable","15":"product-type-simple"},"yoast_head":"<!-- This site is optimized with the Yoast SEO plugin v27.5 - https:\/\/yoast.com\/product\/yoast-seo-wordpress\/ -->\n<title>Cristaux parfum\u00e9s de spa et de bain \u00e0 remous pour aromath\u00e9rapie \u2013 ATTRACTION - Erospa<\/title>\n<meta name=\"description\" content=\"Transformez votre exp\u00e9rience de spa gr\u00e2ce aux cristaux de sel d\u2019Epsom Attraction qui cr\u00e9ent une brume envo\u00fbtante o\u00f9 vos fantasmes deviendront r\u00e9alit\u00e9. o\u00f9 vos fantasmes deviendront r\u00e9alit\u00e9.\" \/>\n<meta name=\"robots\" content=\"index, follow, max-snippet:-1, max-image-preview:large, max-video-preview:-1\" \/>\n<link rel=\"canonical\" href=\"https:\/\/erospa.ca\/fr\/boutique\/cristaux-parfumes-de-spa-et-de-bain-a-remous-pour-aromatherapie-attraction\/\" \/>\n<meta property=\"og:locale\" content=\"fr_CA\" \/>\n<meta property=\"og:type\" content=\"article\" \/>\n<meta property=\"og:title\" content=\"Cristaux parfum\u00e9s de spa et de bain \u00e0 remous pour aromath\u00e9rapie \u2013 ATTRACTION - Erospa\" \/>\n<meta property=\"og:description\" content=\"Transformez votre exp\u00e9rience de spa gr\u00e2ce aux cristaux de sel d\u2019Epsom Attraction qui cr\u00e9ent une brume envo\u00fbtante o\u00f9 vos fantasmes deviendront r\u00e9alit\u00e9. o\u00f9 vos fantasmes deviendront r\u00e9alit\u00e9.\" \/>\n<meta property=\"og:url\" content=\"https:\/\/erospa.ca\/fr\/boutique\/cristaux-parfumes-de-spa-et-de-bain-a-remous-pour-aromatherapie-attraction\/\" \/>\n<meta property=\"og:site_name\" content=\"Erospa\" \/>\n<meta property=\"article:publisher\" content=\"https:\/\/www.facebook.com\/Erospa.International\/\" \/>\n<meta property=\"article:modified_time\" content=\"2023-06-10T22:21:04+00:00\" \/>\n<meta property=\"og:image\" content=\"https:\/\/erospa.ca\/wp-content\/uploads\/2020\/07\/cristaux-daromatherapie-pour-spa-attraction-produit.png\" \/>\n\t<meta property=\"og:image:width\" content=\"1000\" \/>\n\t<meta property=\"og:image:height\" content=\"1000\" \/>\n\t<meta property=\"og:image:type\" content=\"image\/png\" \/>\n<meta name=\"twitter:label1\" content=\"Estimation du temps de lecture\" \/>\n\t<meta name=\"twitter:data1\" content=\"2 minutes\" \/>\n<!-- \/ Yoast SEO plugin. -->","yoast_head_json":{"title":"Cristaux parfum\u00e9s de spa et de bain \u00e0 remous pour aromath\u00e9rapie \u2013 ATTRACTION - Erospa","description":"Transformez votre exp\u00e9rience de spa gr\u00e2ce aux cristaux de sel d\u2019Epsom Attraction qui cr\u00e9ent une brume envo\u00fbtante o\u00f9 vos fantasmes deviendront r\u00e9alit\u00e9. o\u00f9 vos fantasmes deviendront r\u00e9alit\u00e9.","robots":{"index":"index","follow":"follow","max-snippet":"max-snippet:-1","max-image-preview":"max-image-preview:large","max-video-preview":"max-video-preview:-1"},"canonical":"https:\/\/erospa.ca\/fr\/boutique\/cristaux-parfumes-de-spa-et-de-bain-a-remous-pour-aromatherapie-attraction\/","og_locale":"fr_CA","og_type":"article","og_title":"Cristaux parfum\u00e9s de spa et de bain \u00e0 remous pour aromath\u00e9rapie \u2013 ATTRACTION - Erospa","og_description":"Transformez votre exp\u00e9rience de spa gr\u00e2ce aux cristaux de sel d\u2019Epsom Attraction qui cr\u00e9ent une brume envo\u00fbtante o\u00f9 vos fantasmes deviendront r\u00e9alit\u00e9. o\u00f9 vos fantasmes deviendront r\u00e9alit\u00e9.","og_url":"https:\/\/erospa.ca\/fr\/boutique\/cristaux-parfumes-de-spa-et-de-bain-a-remous-pour-aromatherapie-attraction\/","og_site_name":"Erospa","article_publisher":"https:\/\/www.facebook.com\/Erospa.International\/","article_modified_time":"2023-06-10T22:21:04+00:00","og_image":[{"width":1000,"height":1000,"url":"https:\/\/erospa.ca\/wp-content\/uploads\/2020\/07\/cristaux-daromatherapie-pour-spa-attraction-produit.png","type":"image\/png"}],"twitter_misc":{"Estimation du temps de lecture":"2 minutes"},"schema":{"@context":"https:\/\/schema.org","@graph":[{"@type":"WebPage","@id":"https:\/\/erospa.ca\/fr\/boutique\/cristaux-parfumes-de-spa-et-de-bain-a-remous-pour-aromatherapie-attraction\/","url":"https:\/\/erospa.ca\/fr\/boutique\/cristaux-parfumes-de-spa-et-de-bain-a-remous-pour-aromatherapie-attraction\/","name":"Cristaux parfum\u00e9s de spa et de bain \u00e0 remous pour aromath\u00e9rapie \u2013 ATTRACTION - Erospa","isPartOf":{"@id":"https:\/\/erospa.ca\/fr\/#website"},"primaryImageOfPage":{"@id":"https:\/\/erospa.ca\/fr\/boutique\/cristaux-parfumes-de-spa-et-de-bain-a-remous-pour-aromatherapie-attraction\/#primaryimage"},"image":{"@id":"https:\/\/erospa.ca\/fr\/boutique\/cristaux-parfumes-de-spa-et-de-bain-a-remous-pour-aromatherapie-attraction\/#primaryimage"},"thumbnailUrl":"https:\/\/erospa.ca\/wp-content\/uploads\/2020\/07\/cristaux-daromatherapie-pour-spa-attraction-produit.png","datePublished":"2022-05-18T18:52:47+00:00","dateModified":"2023-06-10T22:21:04+00:00","description":"Transformez votre exp\u00e9rience de spa gr\u00e2ce aux cristaux de sel d\u2019Epsom Attraction qui cr\u00e9ent une brume envo\u00fbtante o\u00f9 vos fantasmes deviendront r\u00e9alit\u00e9. o\u00f9 vos fantasmes deviendront r\u00e9alit\u00e9.","breadcrumb":{"@id":"https:\/\/erospa.ca\/fr\/boutique\/cristaux-parfumes-de-spa-et-de-bain-a-remous-pour-aromatherapie-attraction\/#breadcrumb"},"inLanguage":"fr-CA","potentialAction":[{"@type":"ReadAction","target":["https:\/\/erospa.ca\/fr\/boutique\/cristaux-parfumes-de-spa-et-de-bain-a-remous-pour-aromatherapie-attraction\/"]}]},{"@type":"ImageObject","inLanguage":"fr-CA","@id":"https:\/\/erospa.ca\/fr\/boutique\/cristaux-parfumes-de-spa-et-de-bain-a-remous-pour-aromatherapie-attraction\/#primaryimage","url":"https:\/\/erospa.ca\/wp-content\/uploads\/2020\/07\/cristaux-daromatherapie-pour-spa-attraction-produit.png","contentUrl":"https:\/\/erospa.ca\/wp-content\/uploads\/2020\/07\/cristaux-daromatherapie-pour-spa-attraction-produit.png","width":1000,"height":1000,"caption":"Cristaux d'aromath\u00e9rapie pour spa Erospa Attraction"},{"@type":"BreadcrumbList","@id":"https:\/\/erospa.ca\/fr\/boutique\/cristaux-parfumes-de-spa-et-de-bain-a-remous-pour-aromatherapie-attraction\/#breadcrumb","itemListElement":[{"@type":"ListItem","position":1,"name":"Home","item":"https:\/\/erospa.ca\/fr\/"},{"@type":"ListItem","position":2,"name":"Boutique","item":"https:\/\/erospa.ca\/fr\/boutique\/"},{"@type":"ListItem","position":3,"name":"Cristaux parfum\u00e9s de spa et de bain \u00e0 remous pour aromath\u00e9rapie \u2013 ATTRACTION"}]},{"@type":"WebSite","@id":"https:\/\/erospa.ca\/fr\/#website","url":"https:\/\/erospa.ca\/fr\/","name":"Erospa","description":"From hot tub to the bedroom","publisher":{"@id":"https:\/\/erospa.ca\/fr\/#organization"},"potentialAction":[{"@type":"SearchAction","target":{"@type":"EntryPoint","urlTemplate":"https:\/\/erospa.ca\/fr\/?s={search_term_string}"},"query-input":{"@type":"PropertyValueSpecification","valueRequired":true,"valueName":"search_term_string"}}],"inLanguage":"fr-CA"},{"@type":"Organization","@id":"https:\/\/erospa.ca\/fr\/#organization","name":"Erospa","url":"https:\/\/erospa.ca\/fr\/","logo":{"@type":"ImageObject","inLanguage":"fr-CA","@id":"https:\/\/erospa.ca\/fr\/#\/schema\/logo\/image\/","url":"https:\/\/erospa.ca\/wp-content\/uploads\/2020\/09\/Erospa-Logo-black.png","contentUrl":"https:\/\/erospa.ca\/wp-content\/uploads\/2020\/09\/Erospa-Logo-black.png","width":216,"height":72,"caption":"Erospa"},"image":{"@id":"https:\/\/erospa.ca\/fr\/#\/schema\/logo\/image\/"},"sameAs":["https:\/\/www.facebook.com\/Erospa.International\/","https:\/\/www.instagram.com\/erospa_international\/"]}]}},"_links":{"self":[{"href":"https:\/\/erospa.ca\/fr\/wp-json\/wp\/v2\/product\/4934","targetHints":{"allow":["GET"]}}],"collection":[{"href":"https:\/\/erospa.ca\/fr\/wp-json\/wp\/v2\/product"}],"about":[{"href":"https:\/\/erospa.ca\/fr\/wp-json\/wp\/v2\/types\/product"}],"replies":[{"embeddable":true,"href":"https:\/\/erospa.ca\/fr\/wp-json\/wp\/v2\/comments?post=4934"}],"wp:featuredmedia":[{"embeddable":true,"href":"https:\/\/erospa.ca\/fr\/wp-json\/wp\/v2\/media\/1954"}],"wp:attachment":[{"href":"https:\/\/erospa.ca\/fr\/wp-json\/wp\/v2\/media?parent=4934"}],"wp:term":[{"taxonomy":"product_brand","embeddable":true,"href":"https:\/\/erospa.ca\/fr\/wp-json\/wp\/v2\/product_brand?post=4934"},{"taxonomy":"product_cat","embeddable":true,"href":"https:\/\/erospa.ca\/fr\/wp-json\/wp\/v2\/product_cat?post=4934"},{"taxonomy":"product_tag","embeddable":true,"href":"https:\/\/erospa.ca\/fr\/wp-json\/wp\/v2\/product_tag?post=4934"}],"curies":[{"name":"wp","href":"https:\/\/api.w.org\/{rel}","templated":true}]}}